{"id":241821,"date":"2024-09-19T10:34:39","date_gmt":"2024-09-19T07:34:39","guid":{"rendered":"https:\/\/ecotank.gr\/oelabscheider-klasse-i-klasse-ii\/"},"modified":"2026-02-19T12:28:43","modified_gmt":"2026-02-19T10:28:43","slug":"oelabscheider-klasse-i-klasse-ii","status":"publish","type":"page","link":"https:\/\/ecotank.gr\/de\/oelabscheider-klasse-i-klasse-ii\/","title":{"rendered":"\u00d6labscheider Klasse I &amp; Klasse II"},"content":{"rendered":"<p>[et_pb_section fb_built=&#8221;1&#8243; admin_label=&#8221;Hero&#8221; _builder_version=&#8221;4.16&#8243; custom_padding=&#8221;0|0px|54px|0px|false|false&#8221; bottom_divider_height=&#8221;0px&#8221; border_width_bottom=&#8221;1px&#8221; border_color_bottom=&#8221;#efefef&#8221; global_colors_info=&#8221;{}&#8221;][et_pb_row column_structure=&#8221;1_2,1_2&#8243; _builder_version=&#8221;4.16&#8243; width=&#8221;100%&#8221; max_width=&#8221;100%&#8221; custom_margin=&#8221;|||&#8221; custom_margin_tablet=&#8221;||0px|&#8221; custom_margin_phone=&#8221;&#8221; custom_margin_last_edited=&#8221;on|desktop&#8221; custom_padding=&#8221;0|0px|27px|0px|false|false&#8221; use_custom_width=&#8221;on&#8221; width_unit=&#8221;off&#8221; custom_width_percent=&#8221;100%&#8221; global_colors_info=&#8221;{}&#8221;][et_pb_column type=&#8221;1_2&#8243; _builder_version=&#8221;4.16&#8243; custom_padding=&#8221;6%||6%|12%&#8221; custom_padding_tablet=&#8221;50px|50px|50px|50px&#8221; custom_padding_phone=&#8221;50px|50px|50px|50px&#8221; custom_padding_last_edited=&#8221;on|tablet&#8221; global_colors_info=&#8221;{}&#8221; padding_tablet=&#8221;50px|50px|50px|50px&#8221; padding_last_edited=&#8221;on|tablet&#8221; custom_padding__hover=&#8221;|||&#8221; padding_phone=&#8221;50px|50px|50px|50px&#8221;][et_pb_text _builder_version=&#8221;4.27.0&#8243; text_font=&#8221;Montserrat|300|||||||&#8221; text_text_color=&#8221;#677a92&#8243; text_font_size=&#8221;16px&#8221; text_line_height=&#8221;1.8em&#8221; header_font=&#8221;Montserrat||||||||&#8221; header_font_size=&#8221;50px&#8221; header_line_height=&#8221;1.3em&#8221; header_2_font=&#8221;||||||||&#8221; max_width=&#8221;600px&#8221; custom_margin=&#8221;|||&#8221; custom_margin_tablet=&#8221;0px|50px||50px&#8221; custom_margin_phone=&#8221;|20px||&#8221; custom_margin_last_edited=&#8221;off|desktop&#8221; custom_padding=&#8221;|||&#8221; text_line_height_tablet=&#8221;1.8em&#8221; text_line_height_phone=&#8221;1.8em&#8221; text_line_height_last_edited=&#8221;on|phone&#8221; header_font_size_tablet=&#8221;&#8221; header_font_size_phone=&#8221;36px&#8221; header_font_size_last_edited=&#8221;on|phone&#8221; header_2_font_size_phone=&#8221;30px&#8221; header_2_font_size_last_edited=&#8221;off|desktop&#8221; locked=&#8221;off&#8221; global_colors_info=&#8221;{}&#8221;]<\/p>\n<h1>\u00d6labscheider Klasse I &amp; Klasse II<\/h1>\n<p>[\/et_pb_text][et_pb_text _builder_version=&#8221;4.27.0&#8243; text_font=&#8221;Montserrat|300|||||||&#8221; text_font_size=&#8221;16px&#8221; text_line_height=&#8221;2em&#8221; link_font=&#8221;||||||||&#8221; ul_font=&#8221;||||||||&#8221; ol_font=&#8221;||||||||&#8221; quote_font=&#8221;||||||||&#8221; header_font=&#8221;||||||||&#8221; header_2_font=&#8221;Montserrat|300|||||||&#8221; header_2_text_color=&#8221;#212d3b&#8221; header_2_font_size=&#8221;40px&#8221; header_2_line_height=&#8221;1.5em&#8221; max_width=&#8221;600px&#8221; custom_margin=&#8221;|||&#8221; custom_margin_tablet=&#8221;0px|50px||50px&#8221; custom_margin_last_edited=&#8221;off|desktop&#8221; custom_padding=&#8221;|||&#8221; locked=&#8221;off&#8221; global_colors_info=&#8221;{}&#8221;]<\/p>\n<p style=\"text-align: justify;\"><span>\u00d6labscheider-\u00d6lauffangbeh\u00e4lter sind vorgefertigte Abfallbehandlungssysteme, die f\u00fcr Tankstellen, Waschanlagen und Autowerkst\u00e4tten geeignet sind. Sie trennen und sammeln die in den fl\u00fcssigen Abf\u00e4llen enthaltenen Feststoffe und \u00d6le und entsprechen der europ\u00e4ischen Norm EN 858. <\/span><\/p>\n<p style=\"text-align: justify;\">Diese Systeme lassen sich in zwei Hauptkategorien einteilen:<br \/>EN 858 Klasse I mit Agglomerationsfilter<br \/><strong>EN 858 Klasse II<\/strong> einfaches Schwerkraftsystem.<\/p>\n<p>[\/et_pb_text][et_pb_button button_text=&#8221;Kontakt&#8221; button_alignment=&#8221;left&#8221; _builder_version=&#8221;4.27.0&#8243; custom_button=&#8221;on&#8221; button_text_size=&#8221;14px&#8221; button_bg_color=&#8221;#48d14c&#8221; button_border_width=&#8221;16px&#8221; button_border_color=&#8221;#48d14c&#8221; button_border_radius=&#8221;100px&#8221; button_letter_spacing=&#8221;1px&#8221; button_font=&#8221;Montserrat|500|||||||&#8221; background_layout=&#8221;dark&#8221; custom_margin=&#8221;|||&#8221; custom_padding=&#8221;|||&#8221; locked=&#8221;off&#8221; global_colors_info=&#8221;{}&#8221; button_text_size__hover_enabled=&#8221;off&#8221; button_one_text_size__hover_enabled=&#8221;off&#8221; button_two_text_size__hover_enabled=&#8221;off&#8221; button_text_color__hover_enabled=&#8221;off&#8221; button_one_text_color__hover_enabled=&#8221;off&#8221; button_two_text_color__hover_enabled=&#8221;off&#8221; button_border_width__hover_enabled=&#8221;off&#8221; button_one_border_width__hover_enabled=&#8221;off&#8221; button_two_border_width__hover_enabled=&#8221;off&#8221; button_border_color__hover_enabled=&#8221;off&#8221; button_one_border_color__hover_enabled=&#8221;off&#8221; button_two_border_color__hover_enabled=&#8221;off&#8221; button_border_radius__hover_enabled=&#8221;off&#8221; button_one_border_radius__hover_enabled=&#8221;off&#8221; button_two_border_radius__hover_enabled=&#8221;off&#8221; button_letter_spacing__hover_enabled=&#8221;off&#8221; button_one_letter_spacing__hover_enabled=&#8221;off&#8221; button_two_letter_spacing__hover_enabled=&#8221;off&#8221; button_bg_color__hover_enabled=&#8221;off&#8221; button_one_bg_color__hover_enabled=&#8221;off&#8221; button_two_bg_color__hover_enabled=&#8221;off&#8221;][\/et_pb_button][\/et_pb_column][et_pb_column type=&#8221;1_2&#8243; _builder_version=&#8221;4.16&#8243; custom_padding=&#8221;|||&#8221; global_colors_info=&#8221;{}&#8221; custom_padding__hover=&#8221;|||&#8221;][et_pb_image src=&#8221;http:\/\/ecotank.gr\/wp-content\/uploads\/2024\/09\/header_borborosillektes-1-1024&#215;576.jpg&#8221; title_text=&#8221;header_borborosillektes (1)&#8221; force_fullwidth=&#8221;on&#8221; align_tablet=&#8221;center&#8221; align_phone=&#8221;center&#8221; align_last_edited=&#8221;on|desktop&#8221; _builder_version=&#8221;4.27.0&#8243; custom_margin=&#8221;|||&#8221; custom_padding=&#8221;|||&#8221; border_radii=&#8221;|24vw|||24vw&#8221; border_color_all=&#8221;#0ee1f4&#8243; border_width_left=&#8221;2vw&#8221; border_color_left=&#8221;#37dfff&#8221; box_shadow_style=&#8221;preset4&#8243; box_shadow_horizontal=&#8221;-30px&#8221; box_shadow_spread=&#8221;-10px&#8221; box_shadow_color=&#8221;rgba(14,225,244,0.33)&#8221; global_colors_info=&#8221;{}&#8221;][\/et_pb_image][\/et_pb_column][\/et_pb_row][\/et_pb_section][et_pb_section fb_built=&#8221;1&#8243; use_custom_gutter=&#8221;on&#8221; gutter_width=&#8221;2&#8243; specialty=&#8221;on&#8221; padding_top_2=&#8221;20px&#8221; padding_right_2=&#8221;5%&#8221; padding_2_tablet=&#8221;0px|10%||10%||true&#8221; padding_2_phone=&#8221;&#8221; padding_2_last_edited=&#8221;on|tablet&#8221; _builder_version=&#8221;4.16&#8243; inner_width=&#8221;100%&#8221; inner_max_width=&#8221;100%&#8221; use_custom_width=&#8221;on&#8221; width_unit=&#8221;off&#8221; custom_width_percent=&#8221;100%&#8221; global_colors_info=&#8221;{}&#8221;][et_pb_column type=&#8221;1_3&#8243; _builder_version=&#8221;4.16&#8243; custom_padding=&#8221;|||&#8221; global_colors_info=&#8221;{}&#8221; custom_padding__hover=&#8221;|||&#8221;][et_pb_image src=&#8221;http:\/\/ecotank.gr\/wp-content\/uploads\/2024\/09\/bluesep-1-1.png&#8221; title_text=&#8221;bluesep-1-1&#8243; force_fullwidth=&#8221;on&#8221; align_tablet=&#8221;center&#8221; align_phone=&#8221;center&#8221; align_last_edited=&#8221;on|desktop&#8221; _builder_version=&#8221;4.27.0&#8243; custom_margin=&#8221;|||&#8221; custom_padding=&#8221;|||&#8221; animation_style=&#8221;slide&#8221; animation_direction=&#8221;right&#8221; animation_intensity_slide=&#8221;5%&#8221; border_radii=&#8221;||30px|15vw|&#8221; border_color_all=&#8221;#2f8cff&#8221; border_width_bottom=&#8221;2vw&#8221; box_shadow_style=&#8221;preset3&#8243; box_shadow_vertical=&#8221;30px&#8221; box_shadow_blur=&#8221;80px&#8221; box_shadow_spread=&#8221;-30px&#8221; box_shadow_color=&#8221;rgba(102,141,186,0.7)&#8221; locked=&#8221;off&#8221; global_colors_info=&#8221;{}&#8221;][\/et_pb_image][\/et_pb_column][et_pb_column type=&#8221;2_3&#8243; specialty_columns=&#8221;2&#8243; _builder_version=&#8221;4.16&#8243; custom_padding=&#8221;|||&#8221; global_colors_info=&#8221;{}&#8221; padding_tablet=&#8221;0px|10%||10%||true&#8221; padding_last_edited=&#8221;on|tablet&#8221; custom_padding__hover=&#8221;|||&#8221; padding_phone=&#8221;0px|10%||10%||true&#8221;][et_pb_row_inner _builder_version=&#8221;4.16&#8243; custom_padding=&#8221;42.6094px|0px|0|0px|false|false&#8221; global_colors_info=&#8221;{}&#8221;][et_pb_column_inner saved_specialty_column_type=&#8221;2_3&#8243; _builder_version=&#8221;4.16&#8243; custom_padding=&#8221;|||&#8221; global_colors_info=&#8221;{}&#8221; custom_padding__hover=&#8221;|||&#8221;][et_pb_text _builder_version=&#8221;4.27.0&#8243; text_font=&#8221;Montserrat|300|||||||&#8221; text_font_size=&#8221;16px&#8221; text_line_height=&#8221;1.8em&#8221; header_font=&#8221;||||||||&#8221; header_2_font=&#8221;Montserrat|300|||||||&#8221; header_2_font_size=&#8221;40px&#8221; header_2_line_height=&#8221;1.5em&#8221; max_width=&#8221;750px&#8221; custom_margin=&#8221;|||&#8221; custom_margin_tablet=&#8221;0px|50px||50px&#8221; custom_margin_last_edited=&#8221;off|desktop&#8221; custom_padding=&#8221;|||&#8221; header_2_font_size_tablet=&#8221;&#8221; header_2_font_size_phone=&#8221;30px&#8221; header_2_font_size_last_edited=&#8221;on|phone&#8221; global_colors_info=&#8221;{}&#8221;]<\/p>\n<h2>Filter BlueSep EN 858 &#8211; 1<\/h2>\n<p>[\/et_pb_text][\/et_pb_column_inner][\/et_pb_row_inner][et_pb_row_inner column_structure=&#8221;1_2,1_2&#8243; _builder_version=&#8221;4.16&#8243; global_colors_info=&#8221;{}&#8221;][et_pb_column_inner type=&#8221;1_2&#8243; saved_specialty_column_type=&#8221;2_3&#8243; _builder_version=&#8221;4.16&#8243; custom_padding=&#8221;|||&#8221; global_colors_info=&#8221;{}&#8221; custom_padding__hover=&#8221;|||&#8221;][et_pb_text _builder_version=&#8221;4.27.0&#8243; text_font=&#8221;Montserrat|300|||||||&#8221; text_font_size=&#8221;16px&#8221; text_line_height=&#8221;2em&#8221; header_font=&#8221;||||||||&#8221; header_2_font=&#8221;Montserrat|300|||||||&#8221; header_2_text_color=&#8221;#212d3b&#8221; header_2_font_size=&#8221;40px&#8221; header_2_line_height=&#8221;1.5em&#8221; max_width=&#8221;600px&#8221; custom_margin=&#8221;|||&#8221; custom_margin_tablet=&#8221;0px|50px||50px&#8221; custom_margin_last_edited=&#8221;off|desktop&#8221; custom_padding=&#8221;|||&#8221; global_colors_info=&#8221;{}&#8221;]<\/p>\n<p style=\"text-align: justify;\">Trennanlagen f\u00fcr leichte Fl\u00fcssigkeiten (z. B. \u00d6l, \u00d6l und Benzin) gem\u00e4\u00df der Norm EN 858-1, auch als \u00d6l-\/Fettabscheider bezeichnet, sind Abwasserbehandlungsanlagen, in denen leichte Fl\u00fcssigkeiten zur\u00fcckgehalten und abgeschieden werden. Das Funktionsprinzip basiert auf dem Dichteunterschied zwischen Wasser und beispielsweise \u00d6l. Die leichtere Phase (\u00d6l, Benzin, Heiz\u00f6l) schwimmt oben und kann anschlie\u00dfend von der Wasseroberfl\u00e4che abgesaugt werden. Der Koaleszenzabscheider bietet eine weitere effektive Methode. Feine \u00d6ltr\u00f6pfchen setzen sich auf der Oberfl\u00e4che eines speziellen Filters ab und verbinden sich schlie\u00dflich zu einem \u00d6lfilm. Sobald eine bestimmte Schichtdicke erreicht ist, l\u00f6st sich der \u00d6lfilm ab und bildet einen gr\u00f6\u00dferen \u00d6ltropfen, der auf das Wasser steigt und abgeschieden wird.     <\/p>\n<p>&nbsp;<\/p>\n<p>[\/et_pb_text][\/et_pb_column_inner][et_pb_column_inner type=&#8221;1_2&#8243; saved_specialty_column_type=&#8221;2_3&#8243; _builder_version=&#8221;4.16&#8243; custom_padding=&#8221;|||&#8221; global_colors_info=&#8221;{}&#8221; custom_padding__hover=&#8221;|||&#8221;][et_pb_text _builder_version=&#8221;4.27.0&#8243; text_font=&#8221;Montserrat|300|||||||&#8221; text_font_size=&#8221;16px&#8221; text_line_height=&#8221;2em&#8221; header_font=&#8221;||||||||&#8221; header_2_font=&#8221;Montserrat|300|||||||&#8221; header_2_text_color=&#8221;#212d3b&#8221; header_2_font_size=&#8221;40px&#8221; header_2_line_height=&#8221;1.5em&#8221; max_width=&#8221;600px&#8221; custom_margin=&#8221;|||&#8221; custom_margin_tablet=&#8221;0px|50px||50px&#8221; custom_margin_last_edited=&#8221;off|desktop&#8221; custom_padding=&#8221;|||&#8221; locked=&#8221;off&#8221; global_colors_info=&#8221;{}&#8221;]<\/p>\n<p><span>Mit innovativem Verbundgewebe zur Maximierung der \u00d6lbindung und einem \u00d6lstoppventil, das den Auslass des Systems schlie\u00dft, wenn sich dort eine gr\u00f6\u00dfere Menge an abgetrenntem \u00d6l als vorgesehen ansammelt. Die maximal zul\u00e4ssige HC-Konzentration am Ausgang f\u00fcr einen \u00d6l-Wasser-Abscheider der Klasse I betr\u00e4gt 5 mg\/l. <\/span><\/p>\n<p>&nbsp;<\/p>\n<p>[\/et_pb_text][\/et_pb_column_inner][\/et_pb_row_inner][\/et_pb_column][\/et_pb_section][et_pb_section fb_built=&#8221;1&#8243; admin_label=&#8221;Doctors&#8221; _builder_version=&#8221;4.16&#8243; background_color=&#8221;#f1f5f7&#8243; custom_padding=&#8221;100px|0px|100px|0px|true|false&#8221; global_colors_info=&#8221;{}&#8221;][et_pb_row custom_padding_last_edited=&#8221;on|tablet&#8221; _builder_version=&#8221;4.27.0&#8243; width=&#8221;100%&#8221; max_width=&#8221;1280px&#8221; custom_padding=&#8221;|||&#8221; custom_padding_tablet=&#8221;100px||50px|&#8221; custom_padding_phone=&#8221;&#8221; global_colors_info=&#8221;{}&#8221;][et_pb_column type=&#8221;4_4&#8243; _builder_version=&#8221;4.16&#8243; custom_padding=&#8221;|||&#8221; global_colors_info=&#8221;{}&#8221; custom_padding__hover=&#8221;|||&#8221;][et_pb_text _builder_version=&#8221;4.27.0&#8243; text_font=&#8221;Montserrat|300|||||||&#8221; text_font_size=&#8221;16px&#8221; text_line_height=&#8221;1.8em&#8221; header_font=&#8221;||||||||&#8221; header_2_font=&#8221;Montserrat|300|||||||&#8221; header_2_font_size=&#8221;40px&#8221; header_2_line_height=&#8221;1.5em&#8221; text_orientation=&#8221;center&#8221; max_width=&#8221;800px&#8221; module_alignment=&#8221;center&#8221; custom_margin=&#8221;|||&#8221; custom_margin_tablet=&#8221;0px|50px||50px&#8221; custom_margin_last_edited=&#8221;off|desktop&#8221; custom_padding=&#8221;|||&#8221; header_2_font_size_tablet=&#8221;&#8221; header_2_font_size_phone=&#8221;30px&#8221; header_2_font_size_last_edited=&#8221;on|phone&#8221; locked=&#8221;off&#8221; global_colors_info=&#8221;{}&#8221;]<\/p>\n<h2 class=\"tbk__subtitle\" itemprop=\"alternativeHeadline\">\u00d6labscheider \/ \u00d6lauffangbeh\u00e4lter<\/h2>\n<p>[\/et_pb_text][et_pb_text _builder_version=&#8221;4.27.0&#8243; text_font=&#8221;Montserrat|300|||||||&#8221; text_font_size=&#8221;16px&#8221; text_line_height=&#8221;1.8em&#8221; header_font=&#8221;||||||||&#8221; header_2_font=&#8221;Montserrat|300|||||||&#8221; header_2_text_color=&#8221;#212d3b&#8221; header_2_font_size=&#8221;40px&#8221; header_2_line_height=&#8221;1.5em&#8221; text_orientation=&#8221;center&#8221; width=&#8221;100%&#8221; max_width=&#8221;1200px&#8221; module_alignment=&#8221;center&#8221; custom_margin=&#8221;|||&#8221; custom_margin_tablet=&#8221;0px|50px||50px&#8221; custom_margin_last_edited=&#8221;off|desktop&#8221; custom_padding=&#8221;|||&#8221; locked=&#8221;off&#8221; global_colors_info=&#8221;{}&#8221;]<\/p>\n<p style=\"text-align: justify;\">\u00d6labscheider-\u00d6lauffangbeh\u00e4lter sind vorgefertigte Abfallbehandlungssysteme, die f\u00fcr Tankstellen, Waschanlagen und Autowerkst\u00e4tten geeignet sind. Sie trennen und sammeln die in den fl\u00fcssigen Abf\u00e4llen enthaltenen Feststoffe und \u00d6le und entsprechen der europ\u00e4ischen Norm EN 858. <\/p>\n<p style=\"text-align: justify;\">Diese Systeme lassen sich in zwei Hauptkategorien einteilen:<br \/><strong>\u0395\u039d 858 class \u0399<\/strong><span> <\/span>mit Aggregationsfilter<br \/><strong>\u0395\u039d 858 class II<\/strong><span> <\/span>einfach gravimetrisch.<br \/>Beide oben genannten Typen k\u00f6nnen mit einem Auslassabsperrventil (Oil Stop Valve) ausgestattet werden, das den Auslass des Systems schlie\u00dft, wenn sich dort eine gr\u00f6\u00dfere Menge an abgetrenntem \u00d6l als vorgesehen ansammelt. Die maximal zul\u00e4ssige HC-Konzentration am Ausgang betr\u00e4gt f\u00fcr einen \u00d6l-Wasser-Abscheider der Klasse I 5 mg\/l und f\u00fcr einen der Klasse II 100 mg\/l. <br \/>Die Nennweite [Nominal Size] eines Abscheiders ist eine dimensionslose Zahl, die der Abfallmenge (in l\/s) entspricht, die er verarbeiten kann. Sie ergibt sich aus einer Berechnung, bei der die geografische Lage der Anlage, die zu versorgende Fl\u00e4che und die Art der Ausr\u00fcstung ber\u00fccksichtigt werden. <\/p>\n<p style=\"text-align: justify;\"><strong>1. SANDFANG \/ SCHLAMMFANG<\/strong><br \/>Entfernt Sand, feste Bestandteile und k\u00f6rnige Abf\u00e4lle, die<br \/>zu Sch\u00e4den an mechanischen Teilen oder zu Ablagerungen in den nachfolgenden Anlagenteilen f\u00fchren k\u00f6nnen.<br \/>F\u00fcr die Trennung wird der Dichteunterschied der verschiedenen Bestandteile des Abfalls genutzt. Aus diesem Grund sollten die zu behandelnden Fl\u00fcssigkeiten langsam bewegt werden, um ausreichend Zeit f\u00fcr die Sedimentation zu lassen. Nach der Trennung werden die Feststoffe regelm\u00e4\u00dfig entfernt. <\/p>\n<p style=\"text-align: justify;\"><strong>2. \u00d6LABSCHNEIDER \/ \u00d6LABSCHNEIDER \/ \u00d6LABSCHNEIDER<\/strong><br \/>\u00d6le und andere Erd\u00f6lprodukte trennen sich aufgrund ihrer unterschiedlichen Dichte vom Wasser und sammeln sich an der Oberfl\u00e4che. Je geringer die Flie\u00dfgeschwindigkeit der Abf\u00e4lle ist, desto besser ist die Trennung. <br \/>Die Effizienz des Abscheiders wird durch den Einsatz eines Koaleszenzfilters deutlich verbessert. Die winzigen \u00d6ltr\u00f6pfchen, die den Koaleszenzfilter passieren, verbinden sich mit anderen, vergr\u00f6\u00dfern ihr Volumen und werden leichter an die Oberfl\u00e4che des Abscheiders geleitet. Die \u00d6lschicht sollte in regelm\u00e4\u00dfigen Abst\u00e4nden entfernt werden.  <br \/>In den Trennsystemen k\u00f6nnen Sensoren (Alarmsteuerungen) installiert werden, die den Schlammpegel, die Menge der getrennten \u00d6le sowie die maximale H\u00f6he der Abf\u00e4lle im Falle einer Verstopfung des Auslasses erfassen.<\/p>\n<p>[\/et_pb_text][\/et_pb_column][\/et_pb_row][\/et_pb_section][et_pb_section fb_built=&#8221;1&#8243; admin_label=&#8221;Services&#8221; _builder_version=&#8221;4.16&#8243; custom_padding=&#8221;100px|0px|100px|0px|true|false&#8221; locked=&#8221;off&#8221; global_colors_info=&#8221;{}&#8221;][et_pb_row _builder_version=&#8221;4.27.0&#8243; _module_preset=&#8221;default&#8221; global_colors_info=&#8221;{}&#8221;][et_pb_column type=&#8221;4_4&#8243; _builder_version=&#8221;4.27.0&#8243; _module_preset=&#8221;default&#8221; global_colors_info=&#8221;{}&#8221;][et_pb_heading title=&#8221;TECHNISCHE INFORMATIONEN &amp; DOKUMENTE&#8221; _builder_version=&#8221;4.27.0&#8243; _module_preset=&#8221;default&#8221; title_text_align=&#8221;center&#8221; global_colors_info=&#8221;{}&#8221;][\/et_pb_heading][et_pb_accordion _builder_version=&#8221;4.27.0&#8243; _module_preset=&#8221;default&#8221; global_colors_info=&#8221;{}&#8221;][et_pb_accordion_item title=&#8221;Brosch\u00fcren&#8221; open=&#8221;on&#8221; _builder_version=&#8221;4.27.0&#8243; _module_preset=&#8221;default&#8221; global_colors_info=&#8221;{}&#8221;]<\/p>\n<p class=\"package-title\"><a href=\"http:\/\/ecotank.gr\/wp-content\/uploads\/2024\/09\/Flyer-Elaiodiaxoristes.pdf\" target=\"_blank\" rel=\"noopener\"><span class=\"zn-lineheight\">Brosch\u00fcre f\u00fcr \u00d6labscheider \/ \u00d6lsammler<\/span><\/a><\/p>\n<p>[\/et_pb_accordion_item][et_pb_accordion_item title=&#8221;Entw\u00fcrfe f\u00fcr \u00d6labscheider&#8221; _builder_version=&#8221;4.27.0&#8243; _module_preset=&#8221;default&#8221; global_colors_info=&#8221;{}&#8221; open=&#8221;off&#8221;]<\/p>\n<h4 class=\"package-title\"><span>\u0395\u039d858 &#8211; 1<\/span><\/h4>\n<ul>\n<li class=\"package-title\">\n<p><a href=\"http:\/\/ecotank.gr\/wp-content\/uploads\/2024\/09\/Tsianakas_ABETE_BluSepNS4-2.pdf\" target=\"_blank\" rel=\"noopener\"><span>Entwurf f\u00fcr einen \u00d6labscheider BLUESep NS4-2<\/span><\/a><\/p>\n<\/li>\n<li class=\"package-title\">\n<p><span><\/span><a href=\"http:\/\/ecotank.gr\/wp-content\/uploads\/2024\/09\/Tsianakas_ABETE_BlueSepNS6.pdf\" target=\"_blank\" rel=\"noopener\"><span>Entwurf f\u00fcr einen \u00d6labscheider BLUESep NS6<\/span><\/a><\/p>\n<\/li>\n<li class=\"package-title\">\n<p class=\"package-title\"><a href=\"http:\/\/ecotank.gr\/wp-content\/uploads\/2024\/09\/Tsianakas_ABETE_BluSepNS10-2.pdf\" target=\"_blank\" rel=\"noopener\"><span>Entwurf f\u00fcr einen \u00d6labscheider BLUESep NS10-2<\/span><\/a><\/p>\n<\/li>\n<li class=\"package-title\">\n<p class=\"package-title\"><a href=\"http:\/\/ecotank.gr\/wp-content\/uploads\/2024\/09\/Tsianakas_ABETE_BOR_BlueSep_NS15.pdf\" target=\"_blank\" rel=\"noopener\"><span>Entwurf f\u00fcr einen \u00d6labscheider BLUESep NS15<\/span><\/a><\/p>\n<\/li>\n<li class=\"package-title\">\n<p><a href=\"http:\/\/ecotank.gr\/wp-content\/uploads\/2024\/09\/Tsianakas_ABETE_BOR_BlueSep_NS20.pdf\" target=\"_blank\" rel=\"noopener\"><span>Entwurf f\u00fcr einen \u00d6labscheider BLUESep NS20<\/span><\/a><\/p>\n<\/li>\n<\/ul>\n<h4><span>\u0395\u039d858 &#8211; 2<\/span><\/h4>\n<ul>\n<li class=\"package-title\"><a href=\"http:\/\/ecotank.gr\/wp-content\/uploads\/2024\/09\/Tsianakas_ABETE_Sxedio_BOR2100L.pdf\" target=\"_blank\" rel=\"noopener\"><span>Entwurf f\u00fcr einen \u00d6l-Wasser-Abscheider 2100L<\/span><\/a><\/li>\n<li class=\"package-title\"><a href=\"http:\/\/ecotank.gr\/wp-content\/uploads\/2024\/09\/Tsianakas_ABETE_Sxedio_BOR2500L.pdf\" target=\"_blank\" rel=\"noopener\"><span>Entwurf f\u00fcr einen \u00d6l-Wasser-Abscheider 2500L<\/span><\/a><\/li>\n<li><a href=\"http:\/\/ecotank.gr\/wp-content\/uploads\/2024\/09\/Tsianakas_ABETE_Sxedio_BOR2600L.pdf\" target=\"_blank\" rel=\"noopener\"><span>Entwurf f\u00fcr einen \u00d6l-Wasser-Abscheider 2600L<\/span><\/a><\/li>\n<li><a href=\"http:\/\/ecotank.gr\/wp-content\/uploads\/2024\/09\/Tsianakas_ABETE_Sxedio_BOR3100L.pdf\" target=\"_blank\" rel=\"noopener\"><span>Entwurf f\u00fcr einen \u00d6l-Wasser-Abscheider 3100L<\/span><\/a><\/li>\n<li><a href=\"http:\/\/ecotank.gr\/wp-content\/uploads\/2024\/09\/TSIANAKAS_ABETE_BORBOROSILEKTIS_4300L.pdf\" target=\"_blank\" rel=\"noopener\"><span>Entwurf f\u00fcr einen \u00d6l-Wasser-Abscheider 4300L<\/span><\/a><span><\/span><\/li>\n<\/ul>\n<p>[\/et_pb_accordion_item][et_pb_accordion_item title=&#8221;Handb\u00fccher&#8221; _builder_version=&#8221;4.27.0&#8243; _module_preset=&#8221;default&#8221; global_colors_info=&#8221;{}&#8221; open=&#8221;off&#8221;]<\/p>\n<p><a href=\"http:\/\/ecotank.gr\/wp-content\/uploads\/2024\/09\/%CE%9F%CE%B4%CE%B7%CE%B3%CE%AF%CE%B5%CF%82-%CE%A5%CF%80%CF%8C%CE%B3%CE%B5%CE%B9%CE%B1%CF%82-%CE%A4%CE%BF%CF%80%CE%BF%CE%B8%CE%AD%CF%84%CE%B7%CF%83%CE%B7%CF%82.pdf\" target=\"_blank\" rel=\"noopener\">Unterirdische Installation<\/a><\/p>\n<p>[\/et_pb_accordion_item][\/et_pb_accordion][\/et_pb_column][\/et_pb_row][\/et_pb_section]<\/p>\n","protected":false},"excerpt":{"rendered":"<p>\u00d6labscheider Klasse I &amp; Klasse II\u00d6labscheider-\u00d6lauffangbeh\u00e4lter sind vorgefertigte Abfallbehandlungssysteme, die f\u00fcr Tankstellen, Waschanlagen und Autowerkst\u00e4tten geeignet sind. Sie trennen und sammeln die in den fl\u00fcssigen Abf\u00e4llen enthaltenen Feststoffe und \u00d6le und entsprechen der europ\u00e4ischen Norm EN 858. Diese Systeme lassen sich in zwei Hauptkategorien einteilen:EN 858 Klasse I mit AgglomerationsfilterEN 858 Klasse II einfaches Schwerkraftsystem.Filter [&hellip;]<\/p>\n","protected":false},"author":2,"featured_media":0,"parent":0,"menu_order":0,"comment_status":"closed","ping_status":"closed","template":"","meta":{"_et_pb_use_builder":"on","_et_pb_old_content":"","_et_gb_content_width":"","om_disable_all_campaigns":false,"_monsterinsights_skip_tracking":false,"_monsterinsights_sitenote_active":false,"_monsterinsights_sitenote_note":"","_monsterinsights_sitenote_category":0,"footnotes":""},"class_list":["post-241821","page","type-page","status-publish","hentry"],"_links":{"self":[{"href":"https:\/\/ecotank.gr\/de\/wp-json\/wp\/v2\/pages\/241821","targetHints":{"allow":["GET"]}}],"collection":[{"href":"https:\/\/ecotank.gr\/de\/wp-json\/wp\/v2\/pages"}],"about":[{"href":"https:\/\/ecotank.gr\/de\/wp-json\/wp\/v2\/types\/page"}],"author":[{"embeddable":true,"href":"https:\/\/ecotank.gr\/de\/wp-json\/wp\/v2\/users\/2"}],"replies":[{"embeddable":true,"href":"https:\/\/ecotank.gr\/de\/wp-json\/wp\/v2\/comments?post=241821"}],"version-history":[{"count":2,"href":"https:\/\/ecotank.gr\/de\/wp-json\/wp\/v2\/pages\/241821\/revisions"}],"predecessor-version":[{"id":241823,"href":"https:\/\/ecotank.gr\/de\/wp-json\/wp\/v2\/pages\/241821\/revisions\/241823"}],"wp:attachment":[{"href":"https:\/\/ecotank.gr\/de\/wp-json\/wp\/v2\/media?parent=241821"}],"curies":[{"name":"wp","href":"https:\/\/api.w.org\/{rel}","templated":true}]}}