{"id":241818,"date":"2024-09-20T09:12:47","date_gmt":"2024-09-20T06:12:47","guid":{"rendered":"https:\/\/ecotank.gr\/biologische-reinigung\/"},"modified":"2026-02-19T12:23:22","modified_gmt":"2026-02-19T10:23:22","slug":"biologische-reinigung","status":"publish","type":"page","link":"https:\/\/ecotank.gr\/de\/biologische-reinigung\/","title":{"rendered":"Biologische Reinigung"},"content":{"rendered":"<p>[et_pb_section fb_built=&#8221;1&#8243; admin_label=&#8221;Hero&#8221; _builder_version=&#8221;4.16&#8243; custom_padding=&#8221;0|0px|54px|0px|false|false&#8221; bottom_divider_height=&#8221;0px&#8221; border_width_bottom=&#8221;1px&#8221; border_color_bottom=&#8221;#efefef&#8221; global_colors_info=&#8221;{}&#8221;][et_pb_row column_structure=&#8221;1_2,1_2&#8243; _builder_version=&#8221;4.16&#8243; width=&#8221;100%&#8221; max_width=&#8221;100%&#8221; custom_margin=&#8221;|||&#8221; custom_margin_tablet=&#8221;||0px|&#8221; custom_margin_phone=&#8221;&#8221; custom_margin_last_edited=&#8221;on|desktop&#8221; custom_padding=&#8221;0|0px|27px|0px|false|false&#8221; use_custom_width=&#8221;on&#8221; width_unit=&#8221;off&#8221; custom_width_percent=&#8221;100%&#8221; global_colors_info=&#8221;{}&#8221;][et_pb_column type=&#8221;1_2&#8243; _builder_version=&#8221;4.16&#8243; custom_padding=&#8221;6%||6%|12%&#8221; custom_padding_tablet=&#8221;50px|50px|50px|50px&#8221; custom_padding_phone=&#8221;50px|50px|50px|50px&#8221; custom_padding_last_edited=&#8221;on|tablet&#8221; global_colors_info=&#8221;{}&#8221; padding_tablet=&#8221;50px|50px|50px|50px&#8221; padding_last_edited=&#8221;on|tablet&#8221; custom_padding__hover=&#8221;|||&#8221; padding_phone=&#8221;50px|50px|50px|50px&#8221;][et_pb_text _builder_version=&#8221;4.27.0&#8243; text_font=&#8221;Montserrat|300|||||||&#8221; text_text_color=&#8221;#677a92&#8243; text_font_size=&#8221;16px&#8221; text_line_height=&#8221;1.8em&#8221; header_font=&#8221;Montserrat||||||||&#8221; header_font_size=&#8221;50px&#8221; header_line_height=&#8221;1.3em&#8221; header_2_font=&#8221;||||||||&#8221; max_width=&#8221;600px&#8221; custom_margin=&#8221;|||&#8221; custom_margin_tablet=&#8221;0px|50px||50px&#8221; custom_margin_phone=&#8221;|20px||&#8221; custom_margin_last_edited=&#8221;off|desktop&#8221; custom_padding=&#8221;|||&#8221; text_line_height_tablet=&#8221;1.8em&#8221; text_line_height_phone=&#8221;1.8em&#8221; text_line_height_last_edited=&#8221;on|phone&#8221; header_font_size_tablet=&#8221;&#8221; header_font_size_phone=&#8221;36px&#8221; header_font_size_last_edited=&#8221;on|phone&#8221; header_2_font_size_phone=&#8221;30px&#8221; header_2_font_size_last_edited=&#8221;off|desktop&#8221; locked=&#8221;off&#8221; global_colors_info=&#8221;{}&#8221;]<\/p>\n<h1 class=\"tbk__title\" itemprop=\"headline\">Biologische Reinigung<\/h1>\n<p>[\/et_pb_text][et_pb_text _builder_version=&#8221;4.27.0&#8243; text_font=&#8221;Montserrat|300|||||||&#8221; text_font_size=&#8221;16px&#8221; text_line_height=&#8221;2em&#8221; link_font=&#8221;||||||||&#8221; ul_font=&#8221;||||||||&#8221; ol_font=&#8221;||||||||&#8221; quote_font=&#8221;||||||||&#8221; header_font=&#8221;||||||||&#8221; header_2_font=&#8221;Montserrat|300|||||||&#8221; header_2_text_color=&#8221;#212d3b&#8221; header_2_font_size=&#8221;40px&#8221; header_2_line_height=&#8221;1.5em&#8221; max_width=&#8221;600px&#8221; custom_margin=&#8221;|||&#8221; custom_margin_tablet=&#8221;0px|50px||50px&#8221; custom_margin_last_edited=&#8221;off|desktop&#8221; custom_padding=&#8221;|||&#8221; locked=&#8221;off&#8221; global_colors_info=&#8221;{}&#8221;]<\/p>\n<h3>Kompakte biologische Reinigung der Firma <strong>REWATEC<\/strong><\/h3>\n<p>Die Serie biologischer Reinigungsmittel des Hauses<span> <\/span><strong>REWATEC<\/strong><span> <\/span>k\u00f6nnen den Bedarf an st\u00e4dtischer Abwasserentsorgung von 2 bis zu 300 Einwohnern decken. Die biologischen Kl\u00e4ranlagen von <span> <\/span><strong>REWATEC<\/strong>-Anlagen ben\u00f6tigen f\u00fcr ihren Betrieb keine Zugabe von Mikroorganismen, da sie in der Lage sind, den Kl\u00e4rschlamm der biologischen Reinigung automatisch zu erzeugen und zu verwalten.<\/p>\n<p>[\/et_pb_text][et_pb_button button_text=&#8221;Kontakt&#8221; button_alignment=&#8221;left&#8221; _builder_version=&#8221;4.27.0&#8243; custom_button=&#8221;on&#8221; button_text_size=&#8221;14px&#8221; button_bg_color=&#8221;#48d14c&#8221; button_border_width=&#8221;16px&#8221; button_border_color=&#8221;#48d14c&#8221; button_border_radius=&#8221;100px&#8221; button_letter_spacing=&#8221;1px&#8221; button_font=&#8221;Montserrat|500|||||||&#8221; background_layout=&#8221;dark&#8221; custom_margin=&#8221;|||&#8221; custom_padding=&#8221;|||&#8221; locked=&#8221;off&#8221; global_colors_info=&#8221;{}&#8221; button_text_size__hover_enabled=&#8221;off&#8221; button_one_text_size__hover_enabled=&#8221;off&#8221; button_two_text_size__hover_enabled=&#8221;off&#8221; button_text_color__hover_enabled=&#8221;off&#8221; button_one_text_color__hover_enabled=&#8221;off&#8221; button_two_text_color__hover_enabled=&#8221;off&#8221; button_border_width__hover_enabled=&#8221;off&#8221; button_one_border_width__hover_enabled=&#8221;off&#8221; button_two_border_width__hover_enabled=&#8221;off&#8221; button_border_color__hover_enabled=&#8221;off&#8221; button_one_border_color__hover_enabled=&#8221;off&#8221; button_two_border_color__hover_enabled=&#8221;off&#8221; button_border_radius__hover_enabled=&#8221;off&#8221; button_one_border_radius__hover_enabled=&#8221;off&#8221; button_two_border_radius__hover_enabled=&#8221;off&#8221; button_letter_spacing__hover_enabled=&#8221;off&#8221; button_one_letter_spacing__hover_enabled=&#8221;off&#8221; button_two_letter_spacing__hover_enabled=&#8221;off&#8221; button_bg_color__hover_enabled=&#8221;off&#8221; button_one_bg_color__hover_enabled=&#8221;off&#8221; button_two_bg_color__hover_enabled=&#8221;off&#8221;][\/et_pb_button][\/et_pb_column][et_pb_column type=&#8221;1_2&#8243; _builder_version=&#8221;4.16&#8243; custom_padding=&#8221;|||&#8221; global_colors_info=&#8221;{}&#8221; custom_padding__hover=&#8221;|||&#8221;][et_pb_image src=&#8221;http:\/\/ecotank.gr\/wp-content\/uploads\/2024\/09\/grafik-kka-komplettanlage-solido-smart-c.jpg&#8221; title_text=&#8221;grafik-kka-komplettanlage-solido-smart-c&#8221; force_fullwidth=&#8221;on&#8221; align_tablet=&#8221;center&#8221; align_phone=&#8221;center&#8221; align_last_edited=&#8221;on|desktop&#8221; _builder_version=&#8221;4.27.0&#8243; custom_margin=&#8221;|||&#8221; custom_padding=&#8221;|||&#8221; border_radii=&#8221;|24vw|||24vw&#8221; border_color_all=&#8221;#0ee1f4&#8243; border_width_left=&#8221;2vw&#8221; border_color_left=&#8221;#37dfff&#8221; box_shadow_style=&#8221;preset4&#8243; box_shadow_horizontal=&#8221;-30px&#8221; box_shadow_spread=&#8221;-10px&#8221; box_shadow_color=&#8221;rgba(14,225,244,0.33)&#8221; global_colors_info=&#8221;{}&#8221;][\/et_pb_image][\/et_pb_column][\/et_pb_row][\/et_pb_section][et_pb_section fb_built=&#8221;1&#8243; admin_label=&#8221;Doctors&#8221; _builder_version=&#8221;4.16&#8243; background_color=&#8221;#f1f5f7&#8243; custom_padding=&#8221;100px|0px|100px|0px|true|false&#8221; global_colors_info=&#8221;{}&#8221;][et_pb_row custom_padding_last_edited=&#8221;on|tablet&#8221; _builder_version=&#8221;4.27.0&#8243; width=&#8221;100%&#8221; max_width=&#8221;1280px&#8221; custom_padding=&#8221;|||&#8221; custom_padding_tablet=&#8221;100px||50px|&#8221; custom_padding_phone=&#8221;&#8221; global_colors_info=&#8221;{}&#8221;][et_pb_column type=&#8221;4_4&#8243; _builder_version=&#8221;4.16&#8243; custom_padding=&#8221;|||&#8221; global_colors_info=&#8221;{}&#8221; custom_padding__hover=&#8221;|||&#8221;][et_pb_text _builder_version=&#8221;4.27.0&#8243; text_font=&#8221;Montserrat|300|||||||&#8221; text_font_size=&#8221;16px&#8221; text_line_height=&#8221;1.8em&#8221; header_font=&#8221;||||||||&#8221; header_2_font=&#8221;Montserrat|300|||||||&#8221; header_2_font_size=&#8221;40px&#8221; header_2_line_height=&#8221;1.5em&#8221; text_orientation=&#8221;center&#8221; max_width=&#8221;800px&#8221; module_alignment=&#8221;center&#8221; custom_margin=&#8221;|||&#8221; custom_margin_tablet=&#8221;0px|50px||50px&#8221; custom_margin_last_edited=&#8221;off|desktop&#8221; custom_padding=&#8221;|||&#8221; header_2_font_size_tablet=&#8221;&#8221; header_2_font_size_phone=&#8221;30px&#8221; header_2_font_size_last_edited=&#8221;on|phone&#8221; locked=&#8221;off&#8221; global_colors_info=&#8221;{}&#8221;]<\/p>\n<h3 class=\"tbk__title\" itemprop=\"headline\">BIOLOGISCHE REINIGUNG<\/h3>\n<h2 class=\"tbk__subtitle\" itemprop=\"alternativeHeadline\">Die biologische Reinigung von REWATEC ist nach EN 12566-3 zertifiziert.<\/h2>\n<p>[\/et_pb_text][et_pb_text _builder_version=&#8221;4.27.0&#8243; text_font=&#8221;Montserrat|300|||||||&#8221; text_font_size=&#8221;16px&#8221; text_line_height=&#8221;1.8em&#8221; header_font=&#8221;||||||||&#8221; header_2_font=&#8221;Montserrat|300|||||||&#8221; header_2_text_color=&#8221;#212d3b&#8221; header_2_font_size=&#8221;40px&#8221; header_2_line_height=&#8221;1.5em&#8221; text_orientation=&#8221;center&#8221; width=&#8221;100%&#8221; max_width=&#8221;1200px&#8221; module_alignment=&#8221;center&#8221; custom_margin=&#8221;|||&#8221; custom_margin_tablet=&#8221;0px|50px||50px&#8221; custom_margin_last_edited=&#8221;off|desktop&#8221; custom_padding=&#8221;|||&#8221; locked=&#8221;off&#8221; global_colors_info=&#8221;{}&#8221;]<\/p>\n<h3 style=\"text-align: justify;\">Kompakte biologische Reinigung der Firma <strong>REWATEC<\/strong><\/h3>\n<p style=\"text-align: justify;\">Die Serie biologischer Reinigungsmittel des Hauses<span> <\/span><strong>REWATEC<\/strong><span> <\/span>k\u00f6nnen den Bedarf an st\u00e4dtischer Abwasserentsorgung von 2 bis zu 300 Einwohnern decken. Die biologischen Kl\u00e4ranlagen von <span> <\/span><strong>REWATEC<\/strong>-Anlagen ben\u00f6tigen f\u00fcr ihren Betrieb keine Zugabe von Mikroorganismen, da sie in der Lage sind, den Kl\u00e4rschlamm der biologischen Reinigung automatisch zu erzeugen und zu verwalten.<\/p>\n<p style=\"text-align: justify;\">Das System besteht aus robusten Abwasserbeh\u00e4ltern aus hochwertigem PE und einem biologischen Reinigungssystem vom Typ<span> <\/span><strong>SBR<\/strong><span> <\/span>(Sequencing Batch Reactors), was eine schnelle, kosteng\u00fcnstige und problemlose Montage erm\u00f6glicht. Das recycelte Wasser aus dieser biologischen Reinigung eignet sich f\u00fcr die unterirdische Bew\u00e4sserung (3. Stufe der biologischen Reinigung). Es erf\u00fcllt die Anforderungen der europ\u00e4ischen Norm  <span> <\/span><strong>EN 12566-3<\/strong><span> <\/span> und verf\u00fcgt \u00fcber<span> <\/span>CE-Zertifikat.<\/p>\n<p style=\"text-align: justify;\">Das Solido-System wurde entwickelt, um den Kl\u00e4rschlamm aus der biologischen Reinigung bestm\u00f6glich zu verwalten und dabei Kannibalismus unter den Mikroorganismen sowie das Verschwinden der mikrobiellen Belastung zu vermeiden. Dies wird durch die M\u00f6glichkeit der biologischen Reinigung erreicht. <span> <\/span><strong>REWATEC <\/strong>zum Transport von Kl\u00e4rschlamm zwischen den verschiedenen Stufen der biologischen Behandlung<\/p>\n<p style=\"text-align: justify;\">Dar\u00fcber hinaus reduziert ihre Form den Aushubbedarf um bis zu 50 %. Schlie\u00dflich erm\u00f6glichen die hervorragenden mechanischen Eigenschaften sowie die spezielle Konstruktion der <strong>REWATEC<\/strong>-Beh\u00e4lter den Installateuren, diese sogar an Stellen zu platzieren, an denen Fahrzeuge vorbeifahren. Die Tanks des biologischen Systems #015293 werden mit einer Garantie von 25 Jahren geliefert.  <\/p>\n<p style=\"text-align: justify;\">\n<p style=\"text-align: justify;\">Die Garantie f\u00fcr das Rewatec SBR*-System umfasst:<\/p>\n<ul>\n<li style=\"text-align: justify;\">5 Jahre f\u00fcr Polyethylenbeh\u00e4lter, die von Premier Tech hergestellt werden<\/li>\n<li style=\"text-align: justify;\">2 Jahre f\u00fcr Bedienfelder und Pumpen<\/li>\n<li style=\"text-align: justify;\">1 Jahr f\u00fcr Gebl\u00e4se, ordnungsgem\u00e4\u00dfe Funktion und Leistung des Systems<\/li>\n<\/ul>\n<p>[\/et_pb_text][\/et_pb_column][\/et_pb_row][\/et_pb_section][et_pb_section fb_built=&#8221;1&#8243; admin_label=&#8221;Services&#8221; _builder_version=&#8221;4.16&#8243; custom_padding=&#8221;100px|0px|100px|0px|true|false&#8221; locked=&#8221;off&#8221; global_colors_info=&#8221;{}&#8221;][et_pb_row _builder_version=&#8221;4.27.0&#8243; _module_preset=&#8221;default&#8221; global_colors_info=&#8221;{}&#8221;][et_pb_column type=&#8221;4_4&#8243; _builder_version=&#8221;4.27.0&#8243; _module_preset=&#8221;default&#8221; global_colors_info=&#8221;{}&#8221;][et_pb_gallery gallery_ids=&#8221;241649,241648,241647,241646,241645&#8243; posts_number=&#8221;5&#8243; show_title_and_caption=&#8221;off&#8221; _builder_version=&#8221;4.27.0&#8243; _module_preset=&#8221;default&#8221; global_colors_info=&#8221;{}&#8221;][\/et_pb_gallery][\/et_pb_column][\/et_pb_row][\/et_pb_section]<\/p>\n","protected":false},"excerpt":{"rendered":"<p>Biologische ReinigungKompakte biologische Reinigung der Firma REWATEC Die Serie biologischer Reinigungsmittel des Hauses REWATEC k\u00f6nnen den Bedarf an st\u00e4dtischer Abwasserentsorgung von 2 bis zu 300 Einwohnern decken. Die biologischen Kl\u00e4ranlagen von REWATEC-Anlagen ben\u00f6tigen f\u00fcr ihren Betrieb keine Zugabe von Mikroorganismen, da sie in der Lage sind, den Kl\u00e4rschlamm der biologischen Reinigung automatisch zu erzeugen und [&hellip;]<\/p>\n","protected":false},"author":2,"featured_media":0,"parent":0,"menu_order":0,"comment_status":"closed","ping_status":"closed","template":"","meta":{"_et_pb_use_builder":"on","_et_pb_old_content":"","_et_gb_content_width":"","om_disable_all_campaigns":false,"_monsterinsights_skip_tracking":false,"_monsterinsights_sitenote_active":false,"_monsterinsights_sitenote_note":"","_monsterinsights_sitenote_category":0,"footnotes":""},"class_list":["post-241818","page","type-page","status-publish","hentry"],"_links":{"self":[{"href":"https:\/\/ecotank.gr\/de\/wp-json\/wp\/v2\/pages\/241818","targetHints":{"allow":["GET"]}}],"collection":[{"href":"https:\/\/ecotank.gr\/de\/wp-json\/wp\/v2\/pages"}],"about":[{"href":"https:\/\/ecotank.gr\/de\/wp-json\/wp\/v2\/types\/page"}],"author":[{"embeddable":true,"href":"https:\/\/ecotank.gr\/de\/wp-json\/wp\/v2\/users\/2"}],"replies":[{"embeddable":true,"href":"https:\/\/ecotank.gr\/de\/wp-json\/wp\/v2\/comments?post=241818"}],"version-history":[{"count":2,"href":"https:\/\/ecotank.gr\/de\/wp-json\/wp\/v2\/pages\/241818\/revisions"}],"predecessor-version":[{"id":241820,"href":"https:\/\/ecotank.gr\/de\/wp-json\/wp\/v2\/pages\/241818\/revisions\/241820"}],"wp:attachment":[{"href":"https:\/\/ecotank.gr\/de\/wp-json\/wp\/v2\/media?parent=241818"}],"curies":[{"name":"wp","href":"https:\/\/api.w.org\/{rel}","templated":true}]}}