{"id":241815,"date":"2024-09-20T08:58:15","date_gmt":"2024-09-20T05:58:15","guid":{"rendered":"https:\/\/ecotank.gr\/abwasserschaechte\/"},"modified":"2026-02-19T12:19:47","modified_gmt":"2026-02-19T10:19:47","slug":"abwasserschaechte","status":"publish","type":"page","link":"https:\/\/ecotank.gr\/de\/abwasserschaechte\/","title":{"rendered":"Abwassersch\u00e4chte"},"content":{"rendered":"<p>[et_pb_section fb_built=&#8221;1&#8243; admin_label=&#8221;Hero&#8221; _builder_version=&#8221;4.16&#8243; custom_padding=&#8221;0|0px|54px|0px|false|false&#8221; bottom_divider_height=&#8221;0px&#8221; border_width_bottom=&#8221;1px&#8221; border_color_bottom=&#8221;#efefef&#8221; global_colors_info=&#8221;{}&#8221;][et_pb_row column_structure=&#8221;1_2,1_2&#8243; _builder_version=&#8221;4.16&#8243; width=&#8221;100%&#8221; max_width=&#8221;100%&#8221; custom_margin=&#8221;|||&#8221; custom_margin_tablet=&#8221;||0px|&#8221; custom_margin_phone=&#8221;&#8221; custom_margin_last_edited=&#8221;on|desktop&#8221; custom_padding=&#8221;0|0px|27px|0px|false|false&#8221; use_custom_width=&#8221;on&#8221; width_unit=&#8221;off&#8221; custom_width_percent=&#8221;100%&#8221; global_colors_info=&#8221;{}&#8221;][et_pb_column type=&#8221;1_2&#8243; _builder_version=&#8221;4.16&#8243; custom_padding=&#8221;6%||6%|12%&#8221; custom_padding_tablet=&#8221;50px|50px|50px|50px&#8221; custom_padding_phone=&#8221;50px|50px|50px|50px&#8221; custom_padding_last_edited=&#8221;on|tablet&#8221; global_colors_info=&#8221;{}&#8221; padding_tablet=&#8221;50px|50px|50px|50px&#8221; padding_last_edited=&#8221;on|tablet&#8221; custom_padding__hover=&#8221;|||&#8221; padding_phone=&#8221;50px|50px|50px|50px&#8221;][et_pb_text _builder_version=&#8221;4.27.0&#8243; text_font=&#8221;Montserrat|300|||||||&#8221; text_text_color=&#8221;#677a92&#8243; text_font_size=&#8221;16px&#8221; text_line_height=&#8221;1.8em&#8221; header_font=&#8221;Montserrat||||||||&#8221; header_font_size=&#8221;50px&#8221; header_line_height=&#8221;1.3em&#8221; header_2_font=&#8221;||||||||&#8221; max_width=&#8221;600px&#8221; custom_margin=&#8221;|||&#8221; custom_margin_tablet=&#8221;0px|50px||50px&#8221; custom_margin_phone=&#8221;|20px||&#8221; custom_margin_last_edited=&#8221;off|desktop&#8221; custom_padding=&#8221;|||&#8221; text_line_height_tablet=&#8221;1.8em&#8221; text_line_height_phone=&#8221;1.8em&#8221; text_line_height_last_edited=&#8221;on|phone&#8221; header_font_size_tablet=&#8221;&#8221; header_font_size_phone=&#8221;36px&#8221; header_font_size_last_edited=&#8221;on|phone&#8221; header_2_font_size_phone=&#8221;30px&#8221; header_2_font_size_last_edited=&#8221;off|desktop&#8221; locked=&#8221;off&#8221; global_colors_info=&#8221;{}&#8221;]<\/p>\n<h1 class=\"tbk__title\" itemprop=\"headline\">Abwassersch\u00e4chte<\/h1>\n<p>[\/et_pb_text][et_pb_text _builder_version=&#8221;4.27.0&#8243; text_font=&#8221;Montserrat|300|||||||&#8221; text_font_size=&#8221;16px&#8221; text_line_height=&#8221;2em&#8221; link_font=&#8221;||||||||&#8221; ul_font=&#8221;||||||||&#8221; ol_font=&#8221;||||||||&#8221; quote_font=&#8221;||||||||&#8221; header_font=&#8221;||||||||&#8221; header_2_font=&#8221;Montserrat|300|||||||&#8221; header_2_text_color=&#8221;#212d3b&#8221; header_2_font_size=&#8221;40px&#8221; header_2_line_height=&#8221;1.5em&#8221; max_width=&#8221;600px&#8221; custom_margin=&#8221;|||&#8221; custom_margin_tablet=&#8221;0px|50px||50px&#8221; custom_margin_last_edited=&#8221;off|desktop&#8221; custom_padding=&#8221;|||&#8221; locked=&#8221;off&#8221; global_colors_info=&#8221;{}&#8221;]<\/p>\n<p style=\"text-align: justify;\"><span>Unser modernes Know-how und unsere langj\u00e4hrige Erfahrung haben dazu beigetragen, ein Produkt zu entwickeln, das sich leicht und einfach transportieren l\u00e4sst, einfach und schnell zu montieren ist und somit die ideale L\u00f6sung f\u00fcr den Profi darstellt.<\/span><\/p>\n<p>[\/et_pb_text][et_pb_button button_text=&#8221;Kontakt&#8221; button_alignment=&#8221;left&#8221; _builder_version=&#8221;4.27.0&#8243; custom_button=&#8221;on&#8221; button_text_size=&#8221;14px&#8221; button_bg_color=&#8221;#48d14c&#8221; button_border_width=&#8221;16px&#8221; button_border_color=&#8221;#48d14c&#8221; button_border_radius=&#8221;100px&#8221; button_letter_spacing=&#8221;1px&#8221; button_font=&#8221;Montserrat|500|||||||&#8221; background_layout=&#8221;dark&#8221; custom_margin=&#8221;|||&#8221; custom_padding=&#8221;|||&#8221; locked=&#8221;off&#8221; global_colors_info=&#8221;{}&#8221; button_text_size__hover_enabled=&#8221;off&#8221; button_one_text_size__hover_enabled=&#8221;off&#8221; button_two_text_size__hover_enabled=&#8221;off&#8221; button_text_color__hover_enabled=&#8221;off&#8221; button_one_text_color__hover_enabled=&#8221;off&#8221; button_two_text_color__hover_enabled=&#8221;off&#8221; button_border_width__hover_enabled=&#8221;off&#8221; button_one_border_width__hover_enabled=&#8221;off&#8221; button_two_border_width__hover_enabled=&#8221;off&#8221; button_border_color__hover_enabled=&#8221;off&#8221; button_one_border_color__hover_enabled=&#8221;off&#8221; button_two_border_color__hover_enabled=&#8221;off&#8221; button_border_radius__hover_enabled=&#8221;off&#8221; button_one_border_radius__hover_enabled=&#8221;off&#8221; button_two_border_radius__hover_enabled=&#8221;off&#8221; button_letter_spacing__hover_enabled=&#8221;off&#8221; button_one_letter_spacing__hover_enabled=&#8221;off&#8221; button_two_letter_spacing__hover_enabled=&#8221;off&#8221; button_bg_color__hover_enabled=&#8221;off&#8221; button_one_bg_color__hover_enabled=&#8221;off&#8221; button_two_bg_color__hover_enabled=&#8221;off&#8221;][\/et_pb_button][\/et_pb_column][et_pb_column type=&#8221;1_2&#8243; _builder_version=&#8221;4.16&#8243; custom_padding=&#8221;|||&#8221; global_colors_info=&#8221;{}&#8221; custom_padding__hover=&#8221;|||&#8221;][et_pb_image src=&#8221;http:\/\/ecotank.gr\/wp-content\/uploads\/2024\/09\/header_freatia-1.jpg&#8221; title_text=&#8221;header_freatia&#8221; force_fullwidth=&#8221;on&#8221; align_tablet=&#8221;center&#8221; align_phone=&#8221;center&#8221; align_last_edited=&#8221;on|desktop&#8221; _builder_version=&#8221;4.27.0&#8243; custom_margin=&#8221;|||&#8221; custom_padding=&#8221;|||&#8221; border_radii=&#8221;|24vw|||24vw&#8221; border_color_all=&#8221;#0ee1f4&#8243; border_width_left=&#8221;2vw&#8221; border_color_left=&#8221;#37dfff&#8221; box_shadow_style=&#8221;preset4&#8243; box_shadow_horizontal=&#8221;-30px&#8221; box_shadow_spread=&#8221;-10px&#8221; box_shadow_color=&#8221;rgba(14,225,244,0.33)&#8221; global_colors_info=&#8221;{}&#8221;][\/et_pb_image][\/et_pb_column][\/et_pb_row][\/et_pb_section][et_pb_section fb_built=&#8221;1&#8243; admin_label=&#8221;Doctors&#8221; _builder_version=&#8221;4.16&#8243; background_color=&#8221;#f1f5f7&#8243; custom_padding=&#8221;100px|0px|100px|0px|true|false&#8221; global_colors_info=&#8221;{}&#8221;][et_pb_row custom_padding_last_edited=&#8221;on|tablet&#8221; _builder_version=&#8221;4.27.0&#8243; width=&#8221;100%&#8221; max_width=&#8221;1280px&#8221; custom_padding=&#8221;|||&#8221; custom_padding_tablet=&#8221;100px||50px|&#8221; custom_padding_phone=&#8221;&#8221; global_colors_info=&#8221;{}&#8221;][et_pb_column type=&#8221;4_4&#8243; _builder_version=&#8221;4.16&#8243; custom_padding=&#8221;|||&#8221; global_colors_info=&#8221;{}&#8221; custom_padding__hover=&#8221;|||&#8221;][et_pb_text _builder_version=&#8221;4.27.0&#8243; text_font=&#8221;Montserrat|300|||||||&#8221; text_font_size=&#8221;16px&#8221; text_line_height=&#8221;1.8em&#8221; header_font=&#8221;||||||||&#8221; header_2_font=&#8221;Montserrat|300|||||||&#8221; header_2_font_size=&#8221;40px&#8221; header_2_line_height=&#8221;1.5em&#8221; text_orientation=&#8221;center&#8221; max_width=&#8221;800px&#8221; module_alignment=&#8221;center&#8221; custom_margin=&#8221;|||&#8221; custom_margin_tablet=&#8221;0px|50px||50px&#8221; custom_margin_last_edited=&#8221;off|desktop&#8221; custom_padding=&#8221;|||&#8221; header_2_font_size_tablet=&#8221;&#8221; header_2_font_size_phone=&#8221;30px&#8221; header_2_font_size_last_edited=&#8221;on|phone&#8221; locked=&#8221;off&#8221; global_colors_info=&#8221;{}&#8221;]<\/p>\n<h3 class=\"tbk__title\" itemprop=\"headline\">ENTW\u00c4SSERUNG<\/h3>\n<h2 class=\"tbk__subtitle\" itemprop=\"alternativeHeadline\">Abwasserkan\u00e4le \/ Elektromuffen &amp; Mechanikventile<\/h2>\n<p>[\/et_pb_text][et_pb_text _builder_version=&#8221;4.27.0&#8243; text_font=&#8221;Montserrat|300|||||||&#8221; text_font_size=&#8221;16px&#8221; text_line_height=&#8221;1.8em&#8221; header_font=&#8221;||||||||&#8221; header_2_font=&#8221;Montserrat|300|||||||&#8221; header_2_text_color=&#8221;#212d3b&#8221; header_2_font_size=&#8221;40px&#8221; header_2_line_height=&#8221;1.5em&#8221; text_orientation=&#8221;center&#8221; width=&#8221;100%&#8221; max_width=&#8221;1200px&#8221; module_alignment=&#8221;center&#8221; custom_margin=&#8221;|||&#8221; custom_margin_tablet=&#8221;0px|50px||50px&#8221; custom_margin_last_edited=&#8221;off|desktop&#8221; custom_padding=&#8221;|||&#8221; locked=&#8221;off&#8221; global_colors_info=&#8221;{}&#8221;]<\/p>\n<p style=\"text-align: justify;\">Unser modernes Know-how und unsere langj\u00e4hrige Erfahrung haben dazu beigetragen, ein Produkt zu entwickeln, das sich leicht und einfach transportieren l\u00e4sst, einfach und schnell zu montieren ist und somit die ideale L\u00f6sung f\u00fcr den Fachmann darstellt. Die gro\u00dfe Beliebtheit von Kunststoffsch\u00e4chten gegen\u00fcber Betonsch\u00e4chten ist auf ihre zahlreichen Vorteile gegen\u00fcber der Konkurrenz zur\u00fcckzuf\u00fchren: <\/p>\n<ul style=\"text-align: justify;\">\n<li>Erschwingliche Anschaffungskosten<\/li>\n<li>Geringes Gewicht der Konstruktion<\/li>\n<li>Geringe W\u00e4rmeleitf\u00e4higkeit, das Wasser in ihnen gefriert auch im Winter nicht.<\/li>\n<li>Hohe Festigkeit und Zuverl\u00e4ssigkeit der Produkte dank hochwertiger Kunststoffe<\/li>\n<li>Gro\u00dfe Produktvielfalt, aus der Sie das f\u00fcr Sie optimale Produkt ausw\u00e4hlen k\u00f6nnen<\/li>\n<li>Hohe Dichtigkeit. Die W\u00e4nde des Schachts sind vor dem Eindringen von Mikroorganismen in die Struktur gesch\u00fctzt. <\/li>\n<li>Lange Lebensdauer<\/li>\n<li>Einfache Installation und Bedienung.<\/li>\n<\/ul>\n<p style=\"text-align: justify;\">Abwasserkan\u00e4le sind ein unverzichtbarer Bestandteil f\u00fcr den ordnungsgem\u00e4\u00dfen und reibungslosen Betrieb eines Abwassersystems. Sie sind in einer Vielzahl von Ausf\u00fchrungen auf dem Markt erh\u00e4ltlich und unterscheiden sich hinsichtlich ihres Anwendungsbereichs, ihrer technischen und funktionalen Eigenschaften sowie des Materials, aus dem sie hergestellt sind. Es gibt verschiedene Typen, von denen jeder seine eigenen Vorteile hat. Der Hauptzweck von Sch\u00e4chten besteht darin, die verschiedenen Teile eines Abwassersystems miteinander zu verbinden und eine einfache \u00dcberwachung und Wartung zu gew\u00e4hrleisten. Manchmal dienen sie auch dazu, die Flie\u00dfrichtung zu \u00e4ndern.    <\/p>\n<h3 style=\"text-align: justify;\">Die Vorteile von Kunststoffsch\u00e4chten\u03bd<\/h3>\n<p style=\"text-align: justify;\">Die Produkte sind leicht, was ihren Transport und ihre Installation vereinfacht. Gleichzeitig ist das Material, aus dem sie hergestellt sind, ziemlich korrosionsbest\u00e4ndig und widerstandsf\u00e4hig gegen aggressive Chemikalien und nicht anf\u00e4llig f\u00fcr mechanische Besch\u00e4digungen. Sie k\u00f6nnen in der H\u00f6he angepasst werden, aber das Wichtigste ist, dass Kunststoffsch\u00e4chte in Bezug auf Zuverl\u00e4ssigkeit und Haltbarkeit mit denen aus Beton vergleichbar sind. Und all das zu sehr erschwinglichen Preisen.   <\/p>\n<p style=\"text-align: justify;\">Wenn wir genauer \u00fcber die Lebensdauer sprechen, k\u00f6nnen wir mit Sicherheit sagen, dass diese Produkte f\u00fcnfundzwanzig Jahre oder sogar l\u00e4nger verwendet werden k\u00f6nnen. Bei der Installation der Produkte m\u00fcssen die Installationsanweisungen des Herstellers genau befolgt und die Einsatzbedingungen ber\u00fccksichtigt werden. <\/p>\n<h3 style=\"text-align: justify;\">Arten und Typen von Sch\u00e4chten<\/h3>\n<p style=\"text-align: justify;\">Kunststoff-Abwassersch\u00e4chte gibt es heute in verschiedenen Ausf\u00fchrungen und Versionen. Es gibt verschiedene Arten von Netzen, sodass f\u00fcr jedes Netz der jeweils passende Schacht verwendet wird. <\/p>\n<h3 style=\"text-align: justify;\">Wie soll man w\u00e4hlen?<\/h3>\n<p style=\"text-align: justify;\">Zun\u00e4chst m\u00fcssen Sie den Anwendungsbereich des Entwurfs festlegen und die Bedingungen des Gebiets, in dem die Installation erfolgen soll, sorgf\u00e4ltig pr\u00fcfen. Es wird empfohlen, sich mit den technischen und funktionalen Eigenschaften des Produkts, seiner Leistung, Lebensdauer usw. vertraut zu machen. <\/p>\n<p style=\"text-align: justify;\">Bei der Auswahl eines geeigneten Modells sollten Sie auf die Wandst\u00e4rke des Schachts (je dicker, desto widerstandsf\u00e4higer und stabiler), die Abmessungen des Produkts, die Anzahl und Art der Verbindungen usw. achten. Auf dem Markt sind derzeit zwei Haupttypen von Kunststoffsch\u00e4chten erh\u00e4ltlich: monolithische und modulare Modelle. Die zweite Option ist vorzuziehen, wenn ein Schacht mit einstellbarer H\u00f6he installiert werden muss.<\/p>\n<h3 style=\"text-align: justify;\">Tipps<\/h3>\n<p style=\"text-align: justify;\">Der wichtigste Indikator f\u00fcr die Qualit\u00e4t eines Kunststoffschachts ist seine Widerstandsf\u00e4higkeit gegen\u00fcber aggressiven Umwelteinfl\u00fcssen. Wenn die Konstruktion w\u00e4hrend des Betriebs regelm\u00e4\u00dfig organischen L\u00f6sungsmitteln ausgesetzt ist, die f\u00fcr bestimmte Kunststoffarten sch\u00e4dlich sind. F\u00fcr aggressivere Umgebungen sollten daher Modelle aus PVC gew\u00e4hlt werden.  <\/p>\n<p style=\"text-align: justify;\">Wenn Sie eine hohe Dichtigkeit erreichen und einen Abflussschacht an einem Ort mit starken Temperaturschwankungen installieren m\u00fcssen, sollten Sie sich f\u00fcr Produkte aus Polyethylen entscheiden, da dieses Material dem Druck des Bodens in der kalten Jahreszeit standh\u00e4lt. F\u00fcr schwachen Boden, bei dem die Belastungswahrscheinlichkeit hoch ist, sollten Sie sich besser f\u00fcr Polypropylen entscheiden. Es hat eine hohe Duktilit\u00e4t und Verschlei\u00dffestigkeit. Au\u00dferdem lassen sich solche Konstruktionen bei Bedarf leicht verschwei\u00dfen.   <\/p>\n<p style=\"text-align: justify;\">Es ist nicht empfehlenswert, die billigsten Modelle zu kaufen und zu lagern, da dies die Leistung des gesamten Abwassersystems beeintr\u00e4chtigen kann und Sie bald nicht nur Reparaturen durchf\u00fchren m\u00fcssen, , sondern auch viel Geld ausgeben m\u00fcssen, um die Probleme zu beheben und betroffene Ersatzteile auszutauschen.<\/p>\n<p>[\/et_pb_text][\/et_pb_column][\/et_pb_row][\/et_pb_section][et_pb_section fb_built=&#8221;1&#8243; admin_label=&#8221;Services&#8221; _builder_version=&#8221;4.16&#8243; custom_padding=&#8221;100px|0px|100px|0px|true|false&#8221; locked=&#8221;off&#8221; global_colors_info=&#8221;{}&#8221;][et_pb_row _builder_version=&#8221;4.27.0&#8243; _module_preset=&#8221;default&#8221; global_colors_info=&#8221;{}&#8221;][et_pb_column type=&#8221;4_4&#8243; _builder_version=&#8221;4.27.0&#8243; _module_preset=&#8221;default&#8221; global_colors_info=&#8221;{}&#8221;][et_pb_heading title=&#8221;TECHNISCHE INFORMATIONEN &amp; DOKUMENTE&#8221; _builder_version=&#8221;4.27.0&#8243; _module_preset=&#8221;default&#8221; title_text_align=&#8221;center&#8221; global_colors_info=&#8221;{}&#8221;][\/et_pb_heading][et_pb_accordion _builder_version=&#8221;4.27.0&#8243; _module_preset=&#8221;default&#8221; global_colors_info=&#8221;{}&#8221;][et_pb_accordion_item title=&#8221;Brosch\u00fcren&#8221; open=&#8221;on&#8221; _builder_version=&#8221;4.27.0&#8243; _module_preset=&#8221;default&#8221; global_colors_info=&#8221;{}&#8221;]<\/p>\n<ul>\n<li class=\"package-title\">\n<p class=\"package-title\"><a href=\"http:\/\/ecotank.gr\/wp-content\/uploads\/2024\/09\/Flyer-Freatia_apoxetefsis.pdf\" target=\"_blank\" rel=\"noopener\"><span>Brosch\u00fcre \u00fcber Entw\u00e4sserungssch\u00e4chte<\/span><\/a><\/p>\n<\/li>\n<\/ul>\n<p>[\/et_pb_accordion_item][et_pb_accordion_item title=&#8221;Entw\u00fcrfe f\u00fcr Abwasserkan\u00e4le&#8221; _builder_version=&#8221;4.27.0&#8243; _module_preset=&#8221;default&#8221; global_colors_info=&#8221;{}&#8221; open=&#8221;off&#8221;]<\/p>\n<ul>\n<li class=\"package-title\">\n<p class=\"package-title\"><a href=\"http:\/\/ecotank.gr\/wp-content\/uploads\/2024\/09\/TSIANAKAS_ABETE-FREATIO_DIGMATOLIPSIAS.pdf\" target=\"_blank\" rel=\"noopener\"><span class=\"zn-lineheight\">Entwurf f\u00fcr einen Probenahmeschacht<\/span><\/a><\/p>\n<\/li>\n<li class=\"package-title\">\n<p class=\"media-body\"><a href=\"http:\/\/ecotank.gr\/wp-content\/uploads\/2024\/09\/TSIANAKAS_ABETE-FREATIO_MIXANOSIFONAS.pdf\" target=\"_blank\" rel=\"noopener\"><span class=\"zn-lineheight\">Entwurf f\u00fcr einen Abwasserkanal<\/span><\/a><\/p>\n<\/li>\n<li class=\"package-title\">\n<p class=\"package-title\"><a href=\"http:\/\/ecotank.gr\/wp-content\/uploads\/2024\/09\/TSIANAKAS_ABETE-FREATIO_MIXANOSIFONAS_ILEKTROMOUFA.pdf\" target=\"_blank\" rel=\"noopener\"><span>Entwurf f\u00fcr einen Entw\u00e4sserungsschacht mit Elektromuffe<\/span><\/a><\/p>\n<\/li>\n<li class=\"package-title\">\n<p class=\"package-title\"><a href=\"http:\/\/ecotank.gr\/wp-content\/uploads\/2024\/09\/TSIANAKAS_ABETE-FREATIO_PEZODROMIOU.pdf\" target=\"_blank\" rel=\"noopener\"><span>Entwurf f\u00fcr einen achteckigen Gehwegschacht<\/span><\/a><\/p>\n<\/li>\n<li class=\"package-title\">\n<p><a href=\"http:\/\/ecotank.gr\/wp-content\/uploads\/2024\/09\/TSIANAKAS_ABETE-FREATIO_PEZODROMIOU_2.pdf\" target=\"_blank\" rel=\"noopener\"><span>Entwurf f\u00fcr einen Gehwegschacht 2<\/span><\/a><\/p>\n<\/li>\n<li class=\"package-title\">\n<p class=\"package-title\"><a href=\"http:\/\/ecotank.gr\/wp-content\/uploads\/2024\/09\/TSIANAKAS_ABETE-FREATIO_PEZODROMIOU_3.pdf\" target=\"_blank\" rel=\"noopener\"><span>Entwurf f\u00fcr einen Gehwegschacht 3<\/span><\/a><\/p>\n<\/li>\n<li class=\"package-title\">\n<p><a href=\"http:\/\/ecotank.gr\/wp-content\/uploads\/2024\/09\/TSIANAKAS_ABETE-FREATIO_SINDESIS.pdf\" target=\"_blank\" rel=\"noopener\"><span>Plan f\u00fcr Verbindungsschacht<\/span><\/a><\/p>\n<\/li>\n<li class=\"package-title\">\n<p class=\"package-title\"><a href=\"http:\/\/ecotank.gr\/wp-content\/uploads\/2024\/09\/TSIANAKAS_ABETE-FREATIO_SINDESIS_PEZODROMIOU_ELEKTROMOUFA.pdf\" target=\"_blank\" rel=\"noopener\"><span>Entwurf f\u00fcr einen Abwasserkanal mit elektrischer Verschraubung<\/span><\/a><\/p>\n<\/li>\n<\/ul>\n<p>[\/et_pb_accordion_item][et_pb_accordion_item title=&#8221;Handb\u00fccher&#8221; _builder_version=&#8221;4.27.0&#8243; _module_preset=&#8221;default&#8221; global_colors_info=&#8221;{}&#8221; open=&#8221;off&#8221;][\/et_pb_accordion_item][\/et_pb_accordion][\/et_pb_column][\/et_pb_row][\/et_pb_section]<\/p>\n","protected":false},"excerpt":{"rendered":"<p>Abwassersch\u00e4chteUnser modernes Know-how und unsere langj\u00e4hrige Erfahrung haben dazu beigetragen, ein Produkt zu entwickeln, das sich leicht und einfach transportieren l\u00e4sst, einfach und schnell zu montieren ist und somit die ideale L\u00f6sung f\u00fcr den Profi darstellt.ENTW\u00c4SSERUNG Abwasserkan\u00e4le \/ Elektromuffen &amp; MechanikventileUnser modernes Know-how und unsere langj\u00e4hrige Erfahrung haben dazu beigetragen, ein Produkt zu entwickeln, das [&hellip;]<\/p>\n","protected":false},"author":2,"featured_media":0,"parent":0,"menu_order":0,"comment_status":"closed","ping_status":"closed","template":"","meta":{"_et_pb_use_builder":"on","_et_pb_old_content":"","_et_gb_content_width":"","om_disable_all_campaigns":false,"_monsterinsights_skip_tracking":false,"_monsterinsights_sitenote_active":false,"_monsterinsights_sitenote_note":"","_monsterinsights_sitenote_category":0,"footnotes":""},"class_list":["post-241815","page","type-page","status-publish","hentry"],"_links":{"self":[{"href":"https:\/\/ecotank.gr\/de\/wp-json\/wp\/v2\/pages\/241815","targetHints":{"allow":["GET"]}}],"collection":[{"href":"https:\/\/ecotank.gr\/de\/wp-json\/wp\/v2\/pages"}],"about":[{"href":"https:\/\/ecotank.gr\/de\/wp-json\/wp\/v2\/types\/page"}],"author":[{"embeddable":true,"href":"https:\/\/ecotank.gr\/de\/wp-json\/wp\/v2\/users\/2"}],"replies":[{"embeddable":true,"href":"https:\/\/ecotank.gr\/de\/wp-json\/wp\/v2\/comments?post=241815"}],"version-history":[{"count":2,"href":"https:\/\/ecotank.gr\/de\/wp-json\/wp\/v2\/pages\/241815\/revisions"}],"predecessor-version":[{"id":241817,"href":"https:\/\/ecotank.gr\/de\/wp-json\/wp\/v2\/pages\/241815\/revisions\/241817"}],"wp:attachment":[{"href":"https:\/\/ecotank.gr\/de\/wp-json\/wp\/v2\/media?parent=241815"}],"curies":[{"name":"wp","href":"https:\/\/api.w.org\/{rel}","templated":true}]}}