{"id":241811,"date":"2024-09-20T08:36:02","date_gmt":"2024-09-20T05:36:02","guid":{"rendered":"https:\/\/ecotank.gr\/klaergruben\/"},"modified":"2026-02-19T12:11:41","modified_gmt":"2026-02-19T10:11:41","slug":"klaergruben","status":"publish","type":"page","link":"https:\/\/ecotank.gr\/de\/klaergruben\/","title":{"rendered":"Kl\u00e4rgruben"},"content":{"rendered":"<p>[et_pb_section fb_built=&#8221;1&#8243; admin_label=&#8221;Hero&#8221; _builder_version=&#8221;4.16&#8243; custom_padding=&#8221;0|0px|54px|0px|false|false&#8221; bottom_divider_height=&#8221;0px&#8221; border_width_bottom=&#8221;1px&#8221; border_color_bottom=&#8221;#efefef&#8221; global_colors_info=&#8221;{}&#8221;][et_pb_row column_structure=&#8221;1_2,1_2&#8243; _builder_version=&#8221;4.16&#8243; width=&#8221;100%&#8221; max_width=&#8221;100%&#8221; custom_margin=&#8221;|||&#8221; custom_margin_tablet=&#8221;||0px|&#8221; custom_margin_phone=&#8221;&#8221; custom_margin_last_edited=&#8221;on|desktop&#8221; custom_padding=&#8221;0|0px|27px|0px|false|false&#8221; use_custom_width=&#8221;on&#8221; width_unit=&#8221;off&#8221; custom_width_percent=&#8221;100%&#8221; global_colors_info=&#8221;{}&#8221;][et_pb_column type=&#8221;1_2&#8243; _builder_version=&#8221;4.16&#8243; custom_padding=&#8221;6%||6%|12%&#8221; custom_padding_tablet=&#8221;50px|50px|50px|50px&#8221; custom_padding_phone=&#8221;50px|50px|50px|50px&#8221; custom_padding_last_edited=&#8221;on|tablet&#8221; global_colors_info=&#8221;{}&#8221; padding_tablet=&#8221;50px|50px|50px|50px&#8221; padding_last_edited=&#8221;on|tablet&#8221; custom_padding__hover=&#8221;|||&#8221; padding_phone=&#8221;50px|50px|50px|50px&#8221;][et_pb_text _builder_version=&#8221;4.27.0&#8243; text_font=&#8221;Montserrat|300|||||||&#8221; text_text_color=&#8221;#677a92&#8243; text_font_size=&#8221;16px&#8221; text_line_height=&#8221;1.8em&#8221; header_font=&#8221;Montserrat||||||||&#8221; header_font_size=&#8221;50px&#8221; header_line_height=&#8221;1.3em&#8221; header_2_font=&#8221;||||||||&#8221; max_width=&#8221;600px&#8221; custom_margin=&#8221;|||&#8221; custom_margin_tablet=&#8221;0px|50px||50px&#8221; custom_margin_phone=&#8221;|20px||&#8221; custom_margin_last_edited=&#8221;off|desktop&#8221; custom_padding=&#8221;|||&#8221; text_line_height_tablet=&#8221;1.8em&#8221; text_line_height_phone=&#8221;1.8em&#8221; text_line_height_last_edited=&#8221;on|phone&#8221; header_font_size_tablet=&#8221;&#8221; header_font_size_phone=&#8221;36px&#8221; header_font_size_last_edited=&#8221;on|phone&#8221; header_2_font_size_phone=&#8221;30px&#8221; header_2_font_size_last_edited=&#8221;off|desktop&#8221; locked=&#8221;off&#8221; global_colors_info=&#8221;{}&#8221;]<\/p>\n<h1 class=\"tbk__title\" itemprop=\"headline\">Kl\u00e4rgruben<\/h1>\n<p>[\/et_pb_text][et_pb_text _builder_version=&#8221;4.27.0&#8243; text_font=&#8221;Montserrat|300|||||||&#8221; text_font_size=&#8221;16px&#8221; text_line_height=&#8221;2em&#8221; link_font=&#8221;||||||||&#8221; ul_font=&#8221;||||||||&#8221; ol_font=&#8221;||||||||&#8221; quote_font=&#8221;||||||||&#8221; header_font=&#8221;||||||||&#8221; header_2_font=&#8221;Montserrat|300|||||||&#8221; header_2_text_color=&#8221;#212d3b&#8221; header_2_font_size=&#8221;40px&#8221; header_2_line_height=&#8221;1.5em&#8221; max_width=&#8221;600px&#8221; custom_margin=&#8221;|||&#8221; custom_margin_tablet=&#8221;0px|50px||50px&#8221; custom_margin_last_edited=&#8221;off|desktop&#8221; custom_padding=&#8221;|||&#8221; locked=&#8221;off&#8221; global_colors_info=&#8221;{}&#8221;]<\/p>\n<p style=\"text-align: justify;\"><span>Sickergruben sind eine Anordnung von Kammern, in denen die R\u00fcckhaltung, Sedimentation und anaerobe bakterielle Kultivierung von organischen Abw\u00e4ssern aus Wohnh\u00e4usern und anderen Einrichtungen von gesundheitlichem Interesse stattfindet.<\/span><\/p>\n<p>[\/et_pb_text][et_pb_button button_text=&#8221;Kontakt&#8221; button_alignment=&#8221;left&#8221; _builder_version=&#8221;4.27.0&#8243; custom_button=&#8221;on&#8221; button_text_size=&#8221;14px&#8221; button_bg_color=&#8221;#48d14c&#8221; button_border_width=&#8221;16px&#8221; button_border_color=&#8221;#48d14c&#8221; button_border_radius=&#8221;100px&#8221; button_letter_spacing=&#8221;1px&#8221; button_font=&#8221;Montserrat|500|||||||&#8221; background_layout=&#8221;dark&#8221; custom_margin=&#8221;|||&#8221; custom_padding=&#8221;|||&#8221; locked=&#8221;off&#8221; global_colors_info=&#8221;{}&#8221; button_text_size__hover_enabled=&#8221;off&#8221; button_one_text_size__hover_enabled=&#8221;off&#8221; button_two_text_size__hover_enabled=&#8221;off&#8221; button_text_color__hover_enabled=&#8221;off&#8221; button_one_text_color__hover_enabled=&#8221;off&#8221; button_two_text_color__hover_enabled=&#8221;off&#8221; button_border_width__hover_enabled=&#8221;off&#8221; button_one_border_width__hover_enabled=&#8221;off&#8221; button_two_border_width__hover_enabled=&#8221;off&#8221; button_border_color__hover_enabled=&#8221;off&#8221; button_one_border_color__hover_enabled=&#8221;off&#8221; button_two_border_color__hover_enabled=&#8221;off&#8221; button_border_radius__hover_enabled=&#8221;off&#8221; button_one_border_radius__hover_enabled=&#8221;off&#8221; button_two_border_radius__hover_enabled=&#8221;off&#8221; button_letter_spacing__hover_enabled=&#8221;off&#8221; button_one_letter_spacing__hover_enabled=&#8221;off&#8221; button_two_letter_spacing__hover_enabled=&#8221;off&#8221; button_bg_color__hover_enabled=&#8221;off&#8221; button_one_bg_color__hover_enabled=&#8221;off&#8221; button_two_bg_color__hover_enabled=&#8221;off&#8221;][\/et_pb_button][\/et_pb_column][et_pb_column type=&#8221;1_2&#8243; _builder_version=&#8221;4.16&#8243; custom_padding=&#8221;|||&#8221; global_colors_info=&#8221;{}&#8221; custom_padding__hover=&#8221;|||&#8221;][et_pb_image src=&#8221;http:\/\/ecotank.gr\/wp-content\/uploads\/2024\/09\/header_septic.jpg&#8221; title_text=&#8221;header_septic&#8221; force_fullwidth=&#8221;on&#8221; align_tablet=&#8221;center&#8221; align_phone=&#8221;center&#8221; align_last_edited=&#8221;on|desktop&#8221; _builder_version=&#8221;4.27.0&#8243; custom_margin=&#8221;|||&#8221; custom_padding=&#8221;|||&#8221; border_radii=&#8221;|24vw|||24vw&#8221; border_color_all=&#8221;#0ee1f4&#8243; border_width_left=&#8221;2vw&#8221; border_color_left=&#8221;#37dfff&#8221; box_shadow_style=&#8221;preset4&#8243; box_shadow_horizontal=&#8221;-30px&#8221; box_shadow_spread=&#8221;-10px&#8221; box_shadow_color=&#8221;rgba(14,225,244,0.33)&#8221; global_colors_info=&#8221;{}&#8221;][\/et_pb_image][\/et_pb_column][\/et_pb_row][\/et_pb_section][et_pb_section fb_built=&#8221;1&#8243; admin_label=&#8221;Doctors&#8221; _builder_version=&#8221;4.16&#8243; background_color=&#8221;#f1f5f7&#8243; custom_padding=&#8221;100px|0px|100px|0px|true|false&#8221; global_colors_info=&#8221;{}&#8221;][et_pb_row custom_padding_last_edited=&#8221;on|tablet&#8221; _builder_version=&#8221;4.27.0&#8243; width=&#8221;100%&#8221; max_width=&#8221;1280px&#8221; custom_padding=&#8221;|||&#8221; custom_padding_tablet=&#8221;100px||50px|&#8221; custom_padding_phone=&#8221;&#8221; global_colors_info=&#8221;{}&#8221;][et_pb_column type=&#8221;4_4&#8243; _builder_version=&#8221;4.16&#8243; custom_padding=&#8221;|||&#8221; global_colors_info=&#8221;{}&#8221; custom_padding__hover=&#8221;|||&#8221;][et_pb_text _builder_version=&#8221;4.27.0&#8243; text_font=&#8221;Montserrat|300|||||||&#8221; text_font_size=&#8221;16px&#8221; text_line_height=&#8221;1.8em&#8221; header_font=&#8221;||||||||&#8221; header_2_font=&#8221;Montserrat|300|||||||&#8221; header_2_font_size=&#8221;40px&#8221; header_2_line_height=&#8221;1.5em&#8221; text_orientation=&#8221;center&#8221; max_width=&#8221;800px&#8221; module_alignment=&#8221;center&#8221; custom_margin=&#8221;|||&#8221; custom_margin_tablet=&#8221;0px|50px||50px&#8221; custom_margin_last_edited=&#8221;off|desktop&#8221; custom_padding=&#8221;|||&#8221; header_2_font_size_tablet=&#8221;&#8221; header_2_font_size_phone=&#8221;30px&#8221; header_2_font_size_last_edited=&#8221;on|phone&#8221; locked=&#8221;off&#8221; global_colors_info=&#8221;{}&#8221;]<\/p>\n<h3 class=\"tbk__title\" itemprop=\"headline\">VORGEFERTIGTE SYSTEME<\/h3>\n<h2 class=\"tbk__subtitle\" itemprop=\"alternativeHeadline\">Verarbeitung von Abf\u00e4llen<\/h2>\n<p>[\/et_pb_text][et_pb_text _builder_version=&#8221;4.27.0&#8243; text_font=&#8221;Montserrat|300|||||||&#8221; text_font_size=&#8221;16px&#8221; text_line_height=&#8221;1.8em&#8221; header_font=&#8221;||||||||&#8221; header_2_font=&#8221;Montserrat|300|||||||&#8221; header_2_text_color=&#8221;#212d3b&#8221; header_2_font_size=&#8221;40px&#8221; header_2_line_height=&#8221;1.5em&#8221; text_orientation=&#8221;center&#8221; width=&#8221;100%&#8221; max_width=&#8221;1200px&#8221; module_alignment=&#8221;center&#8221; custom_margin=&#8221;|||&#8221; custom_margin_tablet=&#8221;0px|50px||50px&#8221; custom_margin_last_edited=&#8221;off|desktop&#8221; custom_padding=&#8221;|||&#8221; locked=&#8221;off&#8221; global_colors_info=&#8221;{}&#8221;]<\/p>\n<p style=\"text-align: justify;\"><span>Sickergruben sind eine Anordnung von Kammern, in denen die R\u00fcckhaltung, Sedimentation und anaerobe bakterielle Kultivierung von organischen Abw\u00e4ssern aus Wohnh\u00e4usern und anderen Einrichtungen von gesundheitlichem Interesse stattfindet.<\/span><br \/><span>Sie werden aus linearem Polyethylen [HDPE] im Rotationsformverfahren hergestellt, sind absolut dicht, unempfindlich gegen\u00fcber Abw\u00e4ssern und haben eine unbegrenzte Lebensdauer. Die geeignete Konfiguration der Kl\u00e4rgruben sorgt daf\u00fcr, dass das Abwasser langsam und gleichm\u00e4\u00dfig einflie\u00dft, sodass sich die Feststoffe am Boden der Kl\u00e4rgrube absetzen und das Aufschwimmen von Fetten und leichten Feststoffen an der Oberfl\u00e4che. Die Anordnung der beiden Kammern verhindert den Durchfluss von Schlamm und Schwimmstoffen zwischen ihnen. Ihre Installation erfordert nur minimalen Zeitaufwand ohne spezielle Ausr\u00fcstung, und f\u00fcr ihren Betrieb ist keine Stromversorgung erforderlich.   <\/span><br \/><span>Die technischen Merkmale der Kl\u00e4rgruben sind in den geltenden gemeinsamen Ministerialbeschl\u00fcssen festgelegt.<\/span><br \/><span>Die Kapazit\u00e4t der Kl\u00e4rgrube f\u00fcr gew\u00f6hnliche Wohnh\u00e4user ist auf 300 Liter pro Person festgelegt und wird mit 1,5 Bewohnern pro Hauptraum des Wohnhauses berechnet. Entsprechende Kapazit\u00e4ten werden f\u00fcr gr\u00f6\u00dfere Einrichtungen wie Mehrfamilienh\u00e4user, Hotels, Schulen usw. festgelegt, wobei die Mindestkapazit\u00e4t einer Kl\u00e4rgrube 2000 Liter betragen kann.<\/span><br \/><span>Die Installation und Wartung von Kl\u00e4rgruben wird durch die geltenden gemeinsamen Ministerialbeschl\u00fcsse geregelt, und die Entleerung des Schlamms sollte alle 1-2 Jahre erfolgen.<\/span><br \/><span>In Restaurants und \u00e4hnlichen Einrichtungen muss vor der Kl\u00e4rgrube ein zus\u00e4tzlicher Fettabscheider installiert werden.<\/span><\/p>\n<p>[\/et_pb_text][\/et_pb_column][\/et_pb_row][\/et_pb_section][et_pb_section fb_built=&#8221;1&#8243; admin_label=&#8221;Services&#8221; _builder_version=&#8221;4.16&#8243; custom_padding=&#8221;100px|0px|100px|0px|true|false&#8221; locked=&#8221;off&#8221; global_colors_info=&#8221;{}&#8221;][et_pb_row _builder_version=&#8221;4.27.0&#8243; _module_preset=&#8221;default&#8221; global_colors_info=&#8221;{}&#8221;][et_pb_column type=&#8221;4_4&#8243; _builder_version=&#8221;4.27.0&#8243; _module_preset=&#8221;default&#8221; global_colors_info=&#8221;{}&#8221;][et_pb_heading title=&#8221;TECHNISCHE INFORMATIONEN &amp; DOKUMENTE&#8221; _builder_version=&#8221;4.27.0&#8243; _module_preset=&#8221;default&#8221; title_text_align=&#8221;center&#8221; global_colors_info=&#8221;{}&#8221;][\/et_pb_heading][et_pb_accordion _builder_version=&#8221;4.27.0&#8243; _module_preset=&#8221;default&#8221; global_colors_info=&#8221;{}&#8221;][et_pb_accordion_item title=&#8221;Brosch\u00fcren&#8221; open=&#8221;on&#8221; _builder_version=&#8221;4.27.0&#8243; _module_preset=&#8221;default&#8221; global_colors_info=&#8221;{}&#8221;]<\/p>\n<ul>\n<li class=\"package-title\"><a href=\"http:\/\/ecotank.gr\/wp-content\/uploads\/2024\/09\/Flyer-Septic_Tanks.pdf\" target=\"_blank\" rel=\"noopener\">Brosch\u00fcre f\u00fcr Kl\u00e4rgruben<\/a><\/li>\n<li class=\"package-title\"><a href=\"http:\/\/ecotank.gr\/wp-content\/uploads\/2024\/09\/Tsianakas_ABETE_Flyer_Septic5.pdf\" target=\"_blank\" rel=\"noopener\">Brosch\u00fcre f\u00fcr Kl\u00e4rgrube Septic 5<\/a><\/li>\n<li class=\"package-title\"><a href=\"http:\/\/ecotank.gr\/wp-content\/uploads\/2024\/09\/Tsianakas_ABETE_Flyer_Septic9.pdf\" target=\"_blank\" rel=\"noopener\">Brosch\u00fcre f\u00fcr Kl\u00e4rgrube Septic 9<\/a><\/li>\n<li class=\"package-title\"><a href=\"http:\/\/ecotank.gr\/wp-content\/uploads\/2024\/09\/Tsianakas_ABETE_Flyer_Septic14.pdf\" target=\"_blank\" rel=\"noopener\">Brosch\u00fcre f\u00fcr Kl\u00e4rgrube Septic 14<\/a><\/li>\n<\/ul>\n<p>[\/et_pb_accordion_item][et_pb_accordion_item title=&#8221;\u03a3\u03c7\u03ad\u03b4\u03b9\u03b1 \u03b3\u03b9\u03b1 \u03a3\u03b7\u03c0\u03c4\u03b9\u03ba\u03ad\u03c2 \u03b4\u03b5\u03be\u03b1\u03bc\u03b5\u03bd\u03ad\u03c2&#8221; _builder_version=&#8221;4.27.0&#8243; _module_preset=&#8221;default&#8221; global_colors_info=&#8221;{}&#8221; open=&#8221;off&#8221;]<\/p>\n<ul>\n<li class=\"media-body\"><a href=\"http:\/\/ecotank.gr\/wp-content\/uploads\/2024\/09\/TSIANKAS_ABETE-SEPTIC5.pdf\" target=\"_blank\" rel=\"noopener\"><span>Entwurf f\u00fcr eine Kl\u00e4rgrube Septic 5<\/span><\/a><\/li>\n<li class=\"media-body\"><a href=\"http:\/\/ecotank.gr\/wp-content\/uploads\/2024\/09\/TSIANAKAS_ABETE-SEPTIC9.pdf\" target=\"_blank\" rel=\"noopener\"><span>Entwurf f\u00fcr eine Kl\u00e4rgrube Septic 9<\/span><\/a><\/li>\n<li class=\"package-title\"><a href=\"http:\/\/ecotank.gr\/wp-content\/uploads\/2024\/09\/Tsianakas_ABETE_Septic14.pdf\" target=\"_blank\" rel=\"noopener\"><span>Entwurf f\u00fcr eine Kl\u00e4rgrube Septic 14<\/span><\/a><\/li>\n<li class=\"package-title\"><a href=\"http:\/\/ecotank.gr\/wp-content\/uploads\/2024\/09\/Tsianakas_ABETE_BOR_NS20.pdf\" target=\"_blank\" rel=\"noopener\"><span>\u03a3\u03c7\u03ad\u03b4\u03b9\u03bf \u03b3\u03b9\u03b1 \u03a3\u03b7\u03c0\u03c4\u03b9\u03ba\u03ae \u0394\u03b5\u03be\u03b1\u03bc\u03b5\u03bd\u03ae Septic 20<\/span><\/a><\/li>\n<\/ul>\n<p>[\/et_pb_accordion_item][et_pb_accordion_item title=&#8221;Handb\u00fccher&#8221; _builder_version=&#8221;4.27.0&#8243; _module_preset=&#8221;default&#8221; global_colors_info=&#8221;{}&#8221; open=&#8221;off&#8221;]<\/p>\n<p><a href=\"http:\/\/ecotank.gr\/wp-content\/uploads\/2024\/09\/%CE%9F%CE%B4%CE%B7%CE%B3%CE%AF%CE%B5%CF%82-%CE%A5%CF%80%CF%8C%CE%B3%CE%B5%CE%B9%CE%B1%CF%82-%CE%A4%CE%BF%CF%80%CE%BF%CE%B8%CE%AD%CF%84%CE%B7%CF%83%CE%B7%CF%82.pdf\" target=\"_blank\" rel=\"noopener\">Unterirdische Installation<\/a><\/p>\n<p>[\/et_pb_accordion_item][\/et_pb_accordion][\/et_pb_column][\/et_pb_row][\/et_pb_section]<\/p>\n","protected":false},"excerpt":{"rendered":"<p>Kl\u00e4rgrubenSickergruben sind eine Anordnung von Kammern, in denen die R\u00fcckhaltung, Sedimentation und anaerobe bakterielle Kultivierung von organischen Abw\u00e4ssern aus Wohnh\u00e4usern und anderen Einrichtungen von gesundheitlichem Interesse stattfindet.VORGEFERTIGTE SYSTEME Verarbeitung von Abf\u00e4llenSickergruben sind eine Anordnung von Kammern, in denen die R\u00fcckhaltung, Sedimentation und anaerobe bakterielle Kultivierung von organischen Abw\u00e4ssern aus Wohnh\u00e4usern und anderen Einrichtungen von gesundheitlichem [&hellip;]<\/p>\n","protected":false},"author":2,"featured_media":0,"parent":0,"menu_order":0,"comment_status":"closed","ping_status":"closed","template":"","meta":{"_et_pb_use_builder":"on","_et_pb_old_content":"","_et_gb_content_width":"","om_disable_all_campaigns":false,"_monsterinsights_skip_tracking":false,"_monsterinsights_sitenote_active":false,"_monsterinsights_sitenote_note":"","_monsterinsights_sitenote_category":0,"footnotes":""},"class_list":["post-241811","page","type-page","status-publish","hentry"],"_links":{"self":[{"href":"https:\/\/ecotank.gr\/de\/wp-json\/wp\/v2\/pages\/241811","targetHints":{"allow":["GET"]}}],"collection":[{"href":"https:\/\/ecotank.gr\/de\/wp-json\/wp\/v2\/pages"}],"about":[{"href":"https:\/\/ecotank.gr\/de\/wp-json\/wp\/v2\/types\/page"}],"author":[{"embeddable":true,"href":"https:\/\/ecotank.gr\/de\/wp-json\/wp\/v2\/users\/2"}],"replies":[{"embeddable":true,"href":"https:\/\/ecotank.gr\/de\/wp-json\/wp\/v2\/comments?post=241811"}],"version-history":[{"count":1,"href":"https:\/\/ecotank.gr\/de\/wp-json\/wp\/v2\/pages\/241811\/revisions"}],"predecessor-version":[{"id":241814,"href":"https:\/\/ecotank.gr\/de\/wp-json\/wp\/v2\/pages\/241811\/revisions\/241814"}],"wp:attachment":[{"href":"https:\/\/ecotank.gr\/de\/wp-json\/wp\/v2\/media?parent=241811"}],"curies":[{"name":"wp","href":"https:\/\/api.w.org\/{rel}","templated":true}]}}