{"id":241808,"date":"2024-09-20T08:48:21","date_gmt":"2024-09-20T05:48:21","guid":{"rendered":"https:\/\/ecotank.gr\/fettabscheider\/"},"modified":"2026-02-19T12:11:41","modified_gmt":"2026-02-19T10:11:41","slug":"fettabscheider","status":"publish","type":"page","link":"https:\/\/ecotank.gr\/de\/fettabscheider\/","title":{"rendered":"Fettabscheider"},"content":{"rendered":"<p>[et_pb_section fb_built=&#8221;1&#8243; admin_label=&#8221;Hero&#8221; _builder_version=&#8221;4.16&#8243; custom_padding=&#8221;0|0px|54px|0px|false|false&#8221; bottom_divider_height=&#8221;0px&#8221; border_width_bottom=&#8221;1px&#8221; border_color_bottom=&#8221;#efefef&#8221; global_colors_info=&#8221;{}&#8221;][et_pb_row column_structure=&#8221;1_2,1_2&#8243; _builder_version=&#8221;4.16&#8243; width=&#8221;100%&#8221; max_width=&#8221;100%&#8221; custom_margin=&#8221;|||&#8221; custom_margin_tablet=&#8221;||0px|&#8221; custom_margin_phone=&#8221;&#8221; custom_margin_last_edited=&#8221;on|desktop&#8221; custom_padding=&#8221;0|0px|27px|0px|false|false&#8221; use_custom_width=&#8221;on&#8221; width_unit=&#8221;off&#8221; custom_width_percent=&#8221;100%&#8221; global_colors_info=&#8221;{}&#8221;][et_pb_column type=&#8221;1_2&#8243; _builder_version=&#8221;4.16&#8243; custom_padding=&#8221;6%||6%|12%&#8221; custom_padding_tablet=&#8221;50px|50px|50px|50px&#8221; custom_padding_phone=&#8221;50px|50px|50px|50px&#8221; custom_padding_last_edited=&#8221;on|tablet&#8221; global_colors_info=&#8221;{}&#8221; padding_tablet=&#8221;50px|50px|50px|50px&#8221; padding_last_edited=&#8221;on|tablet&#8221; custom_padding__hover=&#8221;|||&#8221; padding_phone=&#8221;50px|50px|50px|50px&#8221;][et_pb_text _builder_version=&#8221;4.27.0&#8243; text_font=&#8221;Montserrat|300|||||||&#8221; text_text_color=&#8221;#677a92&#8243; text_font_size=&#8221;16px&#8221; text_line_height=&#8221;1.8em&#8221; header_font=&#8221;Montserrat||||||||&#8221; header_font_size=&#8221;50px&#8221; header_line_height=&#8221;1.3em&#8221; header_2_font=&#8221;||||||||&#8221; max_width=&#8221;600px&#8221; custom_margin=&#8221;|||&#8221; custom_margin_tablet=&#8221;0px|50px||50px&#8221; custom_margin_phone=&#8221;|20px||&#8221; custom_margin_last_edited=&#8221;off|desktop&#8221; custom_padding=&#8221;|||&#8221; text_line_height_tablet=&#8221;1.8em&#8221; text_line_height_phone=&#8221;1.8em&#8221; text_line_height_last_edited=&#8221;on|phone&#8221; header_font_size_tablet=&#8221;&#8221; header_font_size_phone=&#8221;36px&#8221; header_font_size_last_edited=&#8221;on|phone&#8221; header_2_font_size_phone=&#8221;30px&#8221; header_2_font_size_last_edited=&#8221;off|desktop&#8221; locked=&#8221;off&#8221; global_colors_info=&#8221;{}&#8221;]<\/p>\n<h1 class=\"tbk__title\" itemprop=\"headline\">Fettabscheider<\/h1>\n<p>[\/et_pb_text][et_pb_text _builder_version=&#8221;4.27.0&#8243; text_font=&#8221;Montserrat|300|||||||&#8221; text_font_size=&#8221;16px&#8221; text_line_height=&#8221;2em&#8221; link_font=&#8221;||||||||&#8221; ul_font=&#8221;||||||||&#8221; ol_font=&#8221;||||||||&#8221; quote_font=&#8221;||||||||&#8221; header_font=&#8221;||||||||&#8221; header_2_font=&#8221;Montserrat|300|||||||&#8221; header_2_text_color=&#8221;#212d3b&#8221; header_2_font_size=&#8221;40px&#8221; header_2_line_height=&#8221;1.5em&#8221; max_width=&#8221;600px&#8221; custom_margin=&#8221;|||&#8221; custom_margin_tablet=&#8221;0px|50px||50px&#8221; custom_margin_last_edited=&#8221;off|desktop&#8221; custom_padding=&#8221;|||&#8221; locked=&#8221;off&#8221; global_colors_info=&#8221;{}&#8221;]<\/p>\n<p style=\"text-align: justify;\"><span>Studien von Umweltorganisationen zeigen, dass die fl\u00fcssigen Abf\u00e4lle aus verschiedenen menschlichen Aktivit\u00e4ten einen st\u00e4ndig steigenden Gehalt an Fetten und \u00d6len aufweisen. Wenn diese Fette und \u00d6le jedoch in die Kanalisation gelangen, verursachen sie eine allm\u00e4hliche Verstopfung und unangenehme Ger\u00fcche. <\/span><\/p>\n<p>[\/et_pb_text][et_pb_button button_text=&#8221;Kontakt&#8221; button_alignment=&#8221;left&#8221; _builder_version=&#8221;4.27.0&#8243; custom_button=&#8221;on&#8221; button_text_size=&#8221;14px&#8221; button_bg_color=&#8221;#48d14c&#8221; button_border_width=&#8221;16px&#8221; button_border_color=&#8221;#48d14c&#8221; button_border_radius=&#8221;100px&#8221; button_letter_spacing=&#8221;1px&#8221; button_font=&#8221;Montserrat|500|||||||&#8221; background_layout=&#8221;dark&#8221; custom_margin=&#8221;|||&#8221; custom_padding=&#8221;|||&#8221; locked=&#8221;off&#8221; global_colors_info=&#8221;{}&#8221; button_text_size__hover_enabled=&#8221;off&#8221; button_one_text_size__hover_enabled=&#8221;off&#8221; button_two_text_size__hover_enabled=&#8221;off&#8221; button_text_color__hover_enabled=&#8221;off&#8221; button_one_text_color__hover_enabled=&#8221;off&#8221; button_two_text_color__hover_enabled=&#8221;off&#8221; button_border_width__hover_enabled=&#8221;off&#8221; button_one_border_width__hover_enabled=&#8221;off&#8221; button_two_border_width__hover_enabled=&#8221;off&#8221; button_border_color__hover_enabled=&#8221;off&#8221; button_one_border_color__hover_enabled=&#8221;off&#8221; button_two_border_color__hover_enabled=&#8221;off&#8221; button_border_radius__hover_enabled=&#8221;off&#8221; button_one_border_radius__hover_enabled=&#8221;off&#8221; button_two_border_radius__hover_enabled=&#8221;off&#8221; button_letter_spacing__hover_enabled=&#8221;off&#8221; button_one_letter_spacing__hover_enabled=&#8221;off&#8221; button_two_letter_spacing__hover_enabled=&#8221;off&#8221; button_bg_color__hover_enabled=&#8221;off&#8221; button_one_bg_color__hover_enabled=&#8221;off&#8221; button_two_bg_color__hover_enabled=&#8221;off&#8221;][\/et_pb_button][\/et_pb_column][et_pb_column type=&#8221;1_2&#8243; _builder_version=&#8221;4.16&#8243; custom_padding=&#8221;|||&#8221; global_colors_info=&#8221;{}&#8221; custom_padding__hover=&#8221;|||&#8221;][et_pb_image src=&#8221;http:\/\/ecotank.gr\/wp-content\/uploads\/2024\/09\/header_liposilektes.jpg&#8221; title_text=&#8221;header_liposilektes&#8221; force_fullwidth=&#8221;on&#8221; align_tablet=&#8221;center&#8221; align_phone=&#8221;center&#8221; align_last_edited=&#8221;on|desktop&#8221; _builder_version=&#8221;4.27.0&#8243; custom_margin=&#8221;|||&#8221; custom_padding=&#8221;|||&#8221; border_radii=&#8221;|24vw|||24vw&#8221; border_color_all=&#8221;#0ee1f4&#8243; border_width_left=&#8221;2vw&#8221; border_color_left=&#8221;#37dfff&#8221; box_shadow_style=&#8221;preset4&#8243; box_shadow_horizontal=&#8221;-30px&#8221; box_shadow_spread=&#8221;-10px&#8221; box_shadow_color=&#8221;rgba(14,225,244,0.33)&#8221; global_colors_info=&#8221;{}&#8221;][\/et_pb_image][\/et_pb_column][\/et_pb_row][\/et_pb_section][et_pb_section fb_built=&#8221;1&#8243; admin_label=&#8221;Doctors&#8221; _builder_version=&#8221;4.16&#8243; background_color=&#8221;#f1f5f7&#8243; custom_padding=&#8221;100px|0px|100px|0px|true|false&#8221; global_colors_info=&#8221;{}&#8221;][et_pb_row custom_padding_last_edited=&#8221;on|tablet&#8221; _builder_version=&#8221;4.27.0&#8243; width=&#8221;100%&#8221; max_width=&#8221;1280px&#8221; custom_padding=&#8221;|||&#8221; custom_padding_tablet=&#8221;100px||50px|&#8221; custom_padding_phone=&#8221;&#8221; global_colors_info=&#8221;{}&#8221;][et_pb_column type=&#8221;4_4&#8243; _builder_version=&#8221;4.16&#8243; custom_padding=&#8221;|||&#8221; global_colors_info=&#8221;{}&#8221; custom_padding__hover=&#8221;|||&#8221;][et_pb_text _builder_version=&#8221;4.27.0&#8243; text_font=&#8221;Montserrat|300|||||||&#8221; text_font_size=&#8221;16px&#8221; text_line_height=&#8221;1.8em&#8221; header_font=&#8221;||||||||&#8221; header_2_font=&#8221;Montserrat|300|||||||&#8221; header_2_font_size=&#8221;40px&#8221; header_2_line_height=&#8221;1.5em&#8221; text_orientation=&#8221;center&#8221; max_width=&#8221;800px&#8221; module_alignment=&#8221;center&#8221; custom_margin=&#8221;|||&#8221; custom_margin_tablet=&#8221;0px|50px||50px&#8221; custom_margin_last_edited=&#8221;off|desktop&#8221; custom_padding=&#8221;|||&#8221; header_2_font_size_tablet=&#8221;&#8221; header_2_font_size_phone=&#8221;30px&#8221; header_2_font_size_last_edited=&#8221;on|phone&#8221; locked=&#8221;off&#8221; global_colors_info=&#8221;{}&#8221;]<\/p>\n<h3 class=\"tbk__title\" itemprop=\"headline\">Fettabscheider<\/h3>\n<h2 class=\"tbk__subtitle\" itemprop=\"alternativeHeadline\">Kunststoff-Fettabscheider<\/h2>\n<p>[\/et_pb_text][et_pb_text _builder_version=&#8221;4.27.0&#8243; text_font=&#8221;Montserrat|300|||||||&#8221; text_font_size=&#8221;16px&#8221; text_line_height=&#8221;1.8em&#8221; header_font=&#8221;||||||||&#8221; header_2_font=&#8221;Montserrat|300|||||||&#8221; header_2_text_color=&#8221;#212d3b&#8221; header_2_font_size=&#8221;40px&#8221; header_2_line_height=&#8221;1.5em&#8221; text_orientation=&#8221;center&#8221; width=&#8221;100%&#8221; max_width=&#8221;1200px&#8221; module_alignment=&#8221;center&#8221; custom_margin=&#8221;|||&#8221; custom_margin_tablet=&#8221;0px|50px||50px&#8221; custom_margin_last_edited=&#8221;off|desktop&#8221; custom_padding=&#8221;|||&#8221; locked=&#8221;off&#8221; global_colors_info=&#8221;{}&#8221;]<\/p>\n<p style=\"text-align: justify;\">Studien von Umweltorganisationen zeigen, dass die fl\u00fcssigen Abf\u00e4lle aus verschiedenen menschlichen Aktivit\u00e4ten einen st\u00e4ndig steigenden Gehalt an Fetten und \u00d6len aufweisen. Wenn diese Fette und \u00d6le jedoch in die Kanalisation gelangen, verursachen sie eine allm\u00e4hliche Verstopfung und unangenehme Ger\u00fcche. <\/p>\n<p style=\"text-align: justify;\">Sie k\u00f6nnen auch die verschiedenen Materialien \u2013 Komponenten der Abwassernetze und biologischen Kl\u00e4ranlagen \u2013 angreifen. Wenn diese Fette in die biologischen Kl\u00e4ranlagen gelangen, beeintr\u00e4chtigen sie deren Leistung erheblich. Aus diesem Grund m\u00fcssen heute in gewerblichen Gastronomiebetrieben Fettabscheider installiert werden, um sicherzustellen, dass die in den Abw\u00e4ssern enthaltenen Fette \u00d6le und Fette (FOG), die in den Sp\u00fclabw\u00e4ssern enthalten sind, nicht in die Kanalisation gelangen und als Teil der Erstbehandlung an der Quelle aufgefangen werden. Diese Abw\u00e4sser enthalten in der Regel Wasser mit hoher Temperatur, eine hohe organische Belastung, FOG, Reinigungsmittel sowie Schwebstoffe \u2013 Sedimente aus Speiseresten.   <\/p>\n<p style=\"text-align: justify;\">Die Fettabscheider\/Fettf\u00e4nger gem\u00e4\u00df der Norm EN 1825 werden aus linearem Polyethylen im Rotationsformverfahren hergestellt, einem extrem leichten und widerstandsf\u00e4higen Material. Sie funktionieren als Schwerkraftfallen, die den Dichteunterschied der Bestandteile der fl\u00fcssigen Abw\u00e4sser aus der W\u00e4sche ausnutzen. Fette und \u00d6le organischen Ursprungs haben eine um 10 bis 15 % geringere Dichte als Wasser und steigen daher an die Oberfl\u00e4che, wo sie sich zu einer \u00d6l-Fett-Schicht ansammeln.  <\/p>\n<p style=\"text-align: justify;\">Die verschiedenen festen und schwebenden Partikel, die in den fl\u00fcssigen Abf\u00e4llen enthalten sind, werden im Fettabscheider getrennt, wo sie sich am Boden im Bereich des Abscheiders absetzen. Fettabscheider k\u00f6nnen auch mit Filtern zum Auffangen von Feststoffen ausgestattet sein, um die Menge an Sedimenten zu reduzieren, die sich am Boden des Fettabscheiders absetzen. In regelm\u00e4\u00dfigen Abst\u00e4nden sollten schwimmende Fette sowie Sedimente aus dem Bereich des Vorabscheiders manuell gesammelt und entfernt werden.  <\/p>\n<h2 style=\"text-align: justify;\">Typische Anwendungen<\/h2>\n<p style=\"text-align: justify;\">Der Fettabscheider wird verwendet in:<\/p>\n<ol style=\"text-align: justify;\">\n<li>Tavernen,<\/li>\n<li>Restaurants,<\/li>\n<li>Fastfood,<\/li>\n<li>K\u00fcchen von Schulen und Krankenh\u00e4usern,<\/li>\n<li>Lebensmittelzubereitung,<\/li>\n<li>Konservenfabriken<\/li>\n<li>\u0393\u03b1\u03bb\u03b1\u03ba\u03c4\u03bf\u03b2\u03b9\u03bf\u03bc\u03b7\u03c7\u03b1\u03bd\u03af\u03b5\u03c2,<\/li>\n<li>Privath\u00e4user,<\/li>\n<li>Hotels usw.<\/li>\n<\/ol>\n<p style=\"text-align: justify;\">\n<h2 style=\"text-align: justify;\">Produktreihe<\/h2>\n<p style=\"text-align: justify;\">Die LIP-Fettabscheider sind in 7 Gr\u00f6\u00dfen mit Fassungsverm\u00f6gen von 40 l bis 1600 l erh\u00e4ltlich, haben eine geringe Stellfl\u00e4che und eignen sich sowohl f\u00fcr die Innenaufstellung in der K\u00fcche als auch f\u00fcr die Au\u00dfenaufstellung \u00fcber oder unter der Erde. Um gr\u00f6\u00dferen Anforderungen gerecht zu werden, k\u00f6nnen zwei oder mehr Einheiten kombiniert werden, wodurch in jedem Fall die ideale L\u00f6sung geboten wird. <\/p>\n<p style=\"text-align: justify;\">\n<h2 style=\"text-align: justify;\">Baumaterial<\/h2>\n<p style=\"text-align: justify;\">Die Fettabscheider werden aus reinem, nicht recyceltem, linearem Polyethylen hergestellt. Das Material bietet eine hohe Best\u00e4ndigkeit gegen Korrosion durch Fetts\u00e4uren und eine monolithische Konstruktion ohne N\u00e4hte und Verbindungsstellen. Sie sind chemisch korrosionsbest\u00e4ndig, leicht und lassen sich daher einfach transportieren und installieren, w\u00e4hrend sie gleichzeitig eine hohe mechanische Belastbarkeit aufweisen.  <\/p>\n<p>[\/et_pb_text][\/et_pb_column][\/et_pb_row][\/et_pb_section][et_pb_section fb_built=&#8221;1&#8243; admin_label=&#8221;Services&#8221; _builder_version=&#8221;4.16&#8243; custom_padding=&#8221;100px|0px|100px|0px|true|false&#8221; locked=&#8221;off&#8221; global_colors_info=&#8221;{}&#8221;][et_pb_row _builder_version=&#8221;4.27.0&#8243; _module_preset=&#8221;default&#8221; global_colors_info=&#8221;{}&#8221;][et_pb_column type=&#8221;4_4&#8243; _builder_version=&#8221;4.27.0&#8243; _module_preset=&#8221;default&#8221; global_colors_info=&#8221;{}&#8221;][et_pb_heading title=&#8221;TECHNISCHE INFORMATIONEN &amp; DOKUMENTE&#8221; _builder_version=&#8221;4.27.0&#8243; _module_preset=&#8221;default&#8221; title_text_align=&#8221;center&#8221; global_colors_info=&#8221;{}&#8221;][\/et_pb_heading][et_pb_accordion _builder_version=&#8221;4.27.0&#8243; _module_preset=&#8221;default&#8221; global_colors_info=&#8221;{}&#8221;][et_pb_accordion_item title=&#8221;Brosch\u00fcren&#8221; open=&#8221;on&#8221; _builder_version=&#8221;4.27.0&#8243; _module_preset=&#8221;default&#8221; global_colors_info=&#8221;{}&#8221;]<\/p>\n<ul>\n<li class=\"package-title\"><a href=\"http:\/\/ecotank.gr\/wp-content\/uploads\/2024\/09\/Flyer-Liposilektes.pdf\" target=\"_blank\" rel=\"noopener\"><span>Brosch\u00fcre \u2013 Fettabscheider<\/span><\/a><\/li>\n<li class=\"package-title\"><a href=\"http:\/\/ecotank.gr\/wp-content\/uploads\/2024\/09\/Tsianakas_ABETE-Lip50.pdf\" target=\"_blank\" rel=\"noopener\"><span>Brosch\u00fcre zum Fettabscheider LIP-50<\/span><\/a><\/li>\n<li class=\"package-title\"><a href=\"http:\/\/ecotank.gr\/wp-content\/uploads\/2024\/09\/Tsianakas_ABETE-Lip60.pdf\" target=\"_blank\" rel=\"noopener\"><span>Brosch\u00fcre zum Fettabscheider LIP-60<\/span><\/a><\/li>\n<li class=\"package-title\"><a href=\"http:\/\/ecotank.gr\/wp-content\/uploads\/2024\/09\/Tsianakas_ABETE-Lip140.pdf\" target=\"_blank\" rel=\"noopener\"><span>Brosch\u00fcre zum Fettabscheider LIP-140<\/span><\/a><\/li>\n<li><a href=\"http:\/\/ecotank.gr\/wp-content\/uploads\/2024\/09\/Tsianakas_ABETE-Lip220.pdf\" target=\"_blank\" rel=\"noopener\"><span>Brosch\u00fcre zum Fettabscheider LIP-220<\/span><\/a><\/li>\n<li class=\"package-title\"><a href=\"http:\/\/ecotank.gr\/wp-content\/uploads\/2024\/09\/Tsianakas_ABETE-Lip650.pdf\" target=\"_blank\" rel=\"noopener\"><span>Brosch\u00fcre zum Fettabscheider LIP-650<\/span><\/a><\/li>\n<li class=\"package-title\"><a href=\"http:\/\/ecotank.gr\/wp-content\/uploads\/2024\/09\/Tsianakas_ABETE-Lip1050.pdf\" target=\"_blank\" rel=\"noopener\"><span>Brosch\u00fcre zum Fettabscheider LIP-1050<\/span><\/a><\/li>\n<li class=\"package-title\"><a href=\"http:\/\/ecotank.gr\/wp-content\/uploads\/2024\/09\/Tsianakas_ABETE-Lip1600.pdf\" target=\"_blank\" rel=\"noopener\"><span>Brosch\u00fcre zum Fettabscheider LIP-1600<\/span><\/a><\/li>\n<\/ul>\n<p>[\/et_pb_accordion_item][et_pb_accordion_item title=&#8221;Pl\u00e4ne f\u00fcr Fettabscheider&#8221; _builder_version=&#8221;4.27.0&#8243; _module_preset=&#8221;default&#8221; global_colors_info=&#8221;{}&#8221; open=&#8221;off&#8221;]<\/p>\n<ul>\n<li class=\"package-title\"><a href=\"http:\/\/ecotank.gr\/wp-content\/uploads\/2024\/09\/%CE%9B%CE%B9%CF%80%CE%BF%CF%83%CF%85%CE%BB%CE%BB%CE%AD%CE%BA%CF%84%CE%B7%CF%82_lip50L.pdf\" target=\"_blank\" rel=\"noopener\"><span>Fettabscheider lip50L<\/span><\/a><\/li>\n<li class=\"package-title\"><a href=\"http:\/\/ecotank.gr\/wp-content\/uploads\/2024\/09\/%CE%9B%CE%B9%CF%80%CE%BF%CF%83%CF%85%CE%BB%CE%BB%CE%AD%CE%BA%CF%84%CE%B7%CF%82_lip60.pdf\" target=\"_blank\" rel=\"noopener\"><span>Fettabscheider lip60L<\/span><\/a><\/li>\n<li class=\"package-title\"><a href=\"http:\/\/ecotank.gr\/wp-content\/uploads\/2024\/09\/%CE%9B%CE%B9%CF%80%CE%BF%CF%83%CF%85%CE%BB%CE%BB%CE%AD%CE%BA%CF%84%CE%B7%CF%82_lip140.pdf\" target=\"_blank\" rel=\"noopener\"><span>Fettabscheider lip140L<\/span><\/a><\/li>\n<li><a href=\"http:\/\/ecotank.gr\/wp-content\/uploads\/2024\/09\/%CE%9B%CE%B9%CF%80%CE%BF%CF%83%CF%85%CE%BB%CE%BB%CE%AD%CE%BA%CF%84%CE%B7%CF%82_lip220L.pdf\" target=\"_blank\" rel=\"noopener\"><span>Fettabscheider lip220L<\/span><\/a><\/li>\n<li><a href=\"http:\/\/ecotank.gr\/wp-content\/uploads\/2024\/09\/%CE%9B%CE%B9%CF%80%CE%BF%CF%83%CF%85%CE%BB%CE%BB%CE%AD%CE%BA%CF%84%CE%B7%CF%82_lip650L.pdf\" target=\"_blank\" rel=\"noopener\"><span>Fettabscheider lip650L<\/span><\/a><\/li>\n<li class=\"mr-3 img-48\"><a href=\"http:\/\/ecotank.gr\/wp-content\/uploads\/2024\/09\/%CE%9B%CE%B9%CF%80%CE%BF%CF%83%CF%85%CE%BB%CE%BB%CE%AD%CE%BA%CF%84%CE%B7%CF%82_lip1050L.pdf\" target=\"_blank\" rel=\"noopener\">Fettabscheider lip1050L<\/a><\/li>\n<li class=\"mr-3 img-48\"><a href=\"http:\/\/ecotank.gr\/wp-content\/uploads\/2024\/09\/%CE%9B%CE%B9%CF%80%CE%BF%CF%83%CF%85%CE%BB%CE%BB%CE%AD%CE%BA%CF%84%CE%B7%CF%82_lip1600L.pdf\" target=\"_blank\" rel=\"noopener\">Fettabscheider lip1600L<\/a><\/li>\n<\/ul>\n<p><span><\/span><\/p>\n<p>[\/et_pb_accordion_item][et_pb_accordion_item title=&#8221;Handb\u00fccher&#8221; _builder_version=&#8221;4.27.0&#8243; _module_preset=&#8221;default&#8221; global_colors_info=&#8221;{}&#8221; open=&#8221;off&#8221;]<\/p>\n<p><a href=\"http:\/\/ecotank.gr\/wp-content\/uploads\/2024\/09\/%CE%9F%CE%B4%CE%B7%CE%B3%CE%AF%CE%B5%CF%82-%CE%A5%CF%80%CF%8C%CE%B3%CE%B5%CE%B9%CE%B1%CF%82-%CE%A4%CE%BF%CF%80%CE%BF%CE%B8%CE%AD%CF%84%CE%B7%CF%83%CE%B7%CF%82.pdf\" target=\"_blank\" rel=\"noopener\">Unterirdische Installation<\/a><\/p>\n<p>[\/et_pb_accordion_item][\/et_pb_accordion][\/et_pb_column][\/et_pb_row][\/et_pb_section]<\/p>\n","protected":false},"excerpt":{"rendered":"<p>FettabscheiderStudien von Umweltorganisationen zeigen, dass die fl\u00fcssigen Abf\u00e4lle aus verschiedenen menschlichen Aktivit\u00e4ten einen st\u00e4ndig steigenden Gehalt an Fetten und \u00d6len aufweisen. Wenn diese Fette und \u00d6le jedoch in die Kanalisation gelangen, verursachen sie eine allm\u00e4hliche Verstopfung und unangenehme Ger\u00fcche. Fettabscheider Kunststoff-FettabscheiderStudien von Umweltorganisationen zeigen, dass die fl\u00fcssigen Abf\u00e4lle aus verschiedenen menschlichen Aktivit\u00e4ten einen st\u00e4ndig steigenden [&hellip;]<\/p>\n","protected":false},"author":2,"featured_media":0,"parent":0,"menu_order":0,"comment_status":"closed","ping_status":"closed","template":"","meta":{"_et_pb_use_builder":"on","_et_pb_old_content":"","_et_gb_content_width":"","om_disable_all_campaigns":false,"_monsterinsights_skip_tracking":false,"_monsterinsights_sitenote_active":false,"_monsterinsights_sitenote_note":"","_monsterinsights_sitenote_category":0,"footnotes":""},"class_list":["post-241808","page","type-page","status-publish","hentry"],"_links":{"self":[{"href":"https:\/\/ecotank.gr\/de\/wp-json\/wp\/v2\/pages\/241808","targetHints":{"allow":["GET"]}}],"collection":[{"href":"https:\/\/ecotank.gr\/de\/wp-json\/wp\/v2\/pages"}],"about":[{"href":"https:\/\/ecotank.gr\/de\/wp-json\/wp\/v2\/types\/page"}],"author":[{"embeddable":true,"href":"https:\/\/ecotank.gr\/de\/wp-json\/wp\/v2\/users\/2"}],"replies":[{"embeddable":true,"href":"https:\/\/ecotank.gr\/de\/wp-json\/wp\/v2\/comments?post=241808"}],"version-history":[{"count":4,"href":"https:\/\/ecotank.gr\/de\/wp-json\/wp\/v2\/pages\/241808\/revisions"}],"predecessor-version":[{"id":241813,"href":"https:\/\/ecotank.gr\/de\/wp-json\/wp\/v2\/pages\/241808\/revisions\/241813"}],"wp:attachment":[{"href":"https:\/\/ecotank.gr\/de\/wp-json\/wp\/v2\/media?parent=241808"}],"curies":[{"name":"wp","href":"https:\/\/api.w.org\/{rel}","templated":true}]}}